{"id":91,"date":"2018-04-24T09:08:00","date_gmt":"2018-04-24T09:08:00","guid":{"rendered":"http:\/\/demo.acmethemes.com\/construction-field-pro\/?page_id=91"},"modified":"2019-06-23T16:37:58","modified_gmt":"2019-06-23T14:37:58","slug":"fpgratis","status":"publish","type":"page","link":"https:\/\/aulanosa.es\/index.php\/fpgratis\/","title":{"rendered":"FP B\u00e1sica Gratuita"},"content":{"rendered":"\n<p>Desde el curso 2019-20, todo alumnado que cumpla los requisitos podr\u00e1 cursar la FP B\u00e1sica de Inform\u00e1tica de Oficina de manera gratuita en nuestro centro. <\/p>\n\n\n\n<p>Una de nuestras ventajas de ser un centro Privado-Concertado es que la FP B\u00e1sica est\u00e1 concertada, y por lo tanto para todo alumnado que se matricule no supone un coste. <\/p>\n\n\n\n<p>\u00a1APROV\u00c9CHALO!<\/p>\n\n\n\n<p><a href=\"https:\/\/www.edu.xunta.es\/fp\/fpbasica\" class=\"broken_link\">M\u00e1s informaci\u00f3n de la FP B\u00e1sica. <\/a><\/p>\n\n\n<p><img fetchpriority=\"high\" decoding=\"async\" class=\"size-medium wp-image-358 aligncenter\" src=\"http:\/\/aulanosa.es\/wp-content\/uploads\/2019\/05\/banner_13-300x251.png\" alt=\"\" width=\"300\" height=\"251\" srcset=\"https:\/\/aulanosa.es\/wp-content\/uploads\/2019\/05\/banner_13-300x251.png 300w, https:\/\/aulanosa.es\/wp-content\/uploads\/2019\/05\/banner_13-768x644.png 768w, https:\/\/aulanosa.es\/wp-content\/uploads\/2019\/05\/banner_13.png 940w\" sizes=\"(max-width: 300px) 100vw, 300px\" \/><\/p>\n\n\n<div class=\"wpcf7 no-js\" id=\"wpcf7-f421-o1\" lang=\"es-ES\" dir=\"ltr\">\n<div class=\"screen-reader-response\"><p role=\"status\" aria-live=\"polite\" aria-atomic=\"true\"><\/p> <ul><\/ul><\/div>\n<form action=\"\/index.php\/wp-json\/wp\/v2\/pages\/91#wpcf7-f421-o1\" method=\"post\" class=\"wpcf7-form init\" aria-label=\"Formulario de contacto\" novalidate=\"novalidate\" data-status=\"init\">\n<div style=\"display: none;\">\n<input type=\"hidden\" name=\"_wpcf7\" value=\"421\" \/>\n<input type=\"hidden\" name=\"_wpcf7_version\" value=\"5.8.4\" \/>\n<input type=\"hidden\" name=\"_wpcf7_locale\" value=\"es_ES\" \/>\n<input type=\"hidden\" name=\"_wpcf7_unit_tag\" value=\"wpcf7-f421-o1\" \/>\n<input type=\"hidden\" name=\"_wpcf7_container_post\" value=\"0\" \/>\n<input type=\"hidden\" name=\"_wpcf7_posted_data_hash\" value=\"\" \/>\n<\/div>\n<p><label> Tu nombre (requerido)<br \/>\n<span class=\"wpcf7-form-control-wrap\" data-name=\"your-name\"><input size=\"40\" class=\"wpcf7-form-control wpcf7-text wpcf7-validates-as-required\" aria-required=\"true\" aria-invalid=\"false\" value=\"\" type=\"text\" name=\"your-name\" \/><\/span> <\/label>\n<\/p>\n<p><label> Tu correo electr\u00f3nico (requerido)<br \/>\n<span class=\"wpcf7-form-control-wrap\" data-name=\"your-email\"><input size=\"40\" class=\"wpcf7-form-control wpcf7-email wpcf7-validates-as-required wpcf7-text wpcf7-validates-as-email\" aria-required=\"true\" aria-invalid=\"false\" value=\"\" type=\"email\" name=\"your-email\" \/><\/span> <\/label>\n<\/p>\n<p><label> Asunto<br \/>\n<span class=\"wpcf7-form-control-wrap\" data-name=\"your-subject\"><input size=\"40\" class=\"wpcf7-form-control wpcf7-text\" aria-invalid=\"false\" value=\"\" type=\"text\" name=\"your-subject\" \/><\/span> <\/label>\n<\/p>\n<p><label> Tu mensaje<br \/>\n<span class=\"wpcf7-form-control-wrap\" data-name=\"your-message\"><textarea cols=\"40\" rows=\"10\" class=\"wpcf7-form-control wpcf7-textarea\" aria-invalid=\"false\" name=\"your-message\"><\/textarea><\/span> <\/label>\n<\/p>\n<p><input class=\"wpcf7-form-control wpcf7-submit has-spinner\" type=\"submit\" value=\"Enviar\" \/>\n<\/p><div class=\"wpcf7-response-output\" aria-hidden=\"true\"><\/div>\n<\/form>\n<\/div>\n\n","protected":false},"excerpt":{"rendered":"<p>Estudia FP B\u00e1sica de Inform\u00e1tica de Oficina gratis. Centro concertado<\/p>\n","protected":false},"author":1,"featured_media":0,"parent":0,"menu_order":0,"comment_status":"closed","ping_status":"closed","template":"","meta":{"footnotes":""},"yoast_head":"<!-- This site is optimized with the Yoast SEO plugin v21.6 - https:\/\/yoast.com\/wordpress\/plugins\/seo\/ -->\n<title>FP B\u00e1sica Gratuita - CPR Aula Nosa<\/title>\n<meta name=\"robots\" content=\"index, follow, max-snippet:-1, max-image-preview:large, max-video-preview:-1\" \/>\n<link rel=\"canonical\" href=\"https:\/\/aulanosa.es\/index.php\/fpgratis\/\" \/>\n<meta property=\"og:locale\" content=\"es_ES\" \/>\n<meta property=\"og:type\" content=\"article\" \/>\n<meta property=\"og:title\" content=\"FP B\u00e1sica Gratuita - CPR Aula Nosa\" \/>\n<meta property=\"og:description\" content=\"Estudia FP B\u00e1sica de Inform\u00e1tica de Oficina gratis. Centro concertado\" \/>\n<meta property=\"og:url\" content=\"https:\/\/aulanosa.es\/index.php\/fpgratis\/\" \/>\n<meta property=\"og:site_name\" content=\"CPR Aula Nosa\" \/>\n<meta property=\"article:modified_time\" content=\"2019-06-23T14:37:58+00:00\" \/>\n<meta property=\"og:image\" content=\"http:\/\/aulanosa.es\/wp-content\/uploads\/2019\/05\/banner_13-300x251.png\" \/>\n<meta name=\"twitter:card\" content=\"summary_large_image\" \/>\n<script type=\"application\/ld+json\" class=\"yoast-schema-graph\">{\"@context\":\"https:\/\/schema.org\",\"@graph\":[{\"@type\":\"WebPage\",\"@id\":\"https:\/\/aulanosa.es\/index.php\/fpgratis\/\",\"url\":\"https:\/\/aulanosa.es\/index.php\/fpgratis\/\",\"name\":\"FP B\u00e1sica Gratuita - CPR Aula Nosa\",\"isPartOf\":{\"@id\":\"https:\/\/aulanosa.es\/#website\"},\"datePublished\":\"2018-04-24T09:08:00+00:00\",\"dateModified\":\"2019-06-23T14:37:58+00:00\",\"breadcrumb\":{\"@id\":\"https:\/\/aulanosa.es\/index.php\/fpgratis\/#breadcrumb\"},\"inLanguage\":\"es\",\"potentialAction\":[{\"@type\":\"ReadAction\",\"target\":[\"https:\/\/aulanosa.es\/index.php\/fpgratis\/\"]}]},{\"@type\":\"BreadcrumbList\",\"@id\":\"https:\/\/aulanosa.es\/index.php\/fpgratis\/#breadcrumb\",\"itemListElement\":[{\"@type\":\"ListItem\",\"position\":1,\"name\":\"Portada\",\"item\":\"https:\/\/aulanosa.es\/\"},{\"@type\":\"ListItem\",\"position\":2,\"name\":\"FP B\u00e1sica Gratuita\"}]},{\"@type\":\"WebSite\",\"@id\":\"https:\/\/aulanosa.es\/#website\",\"url\":\"https:\/\/aulanosa.es\/\",\"name\":\"CPR Aula Nosa\",\"description\":\"Centro de estudios privado - concertado\",\"publisher\":{\"@id\":\"https:\/\/aulanosa.es\/#organization\"},\"potentialAction\":[{\"@type\":\"SearchAction\",\"target\":{\"@type\":\"EntryPoint\",\"urlTemplate\":\"https:\/\/aulanosa.es\/?s={search_term_string}\"},\"query-input\":\"required name=search_term_string\"}],\"inLanguage\":\"es\"},{\"@type\":\"Organization\",\"@id\":\"https:\/\/aulanosa.es\/#organization\",\"name\":\"CPR Aula Nosa\",\"url\":\"https:\/\/aulanosa.es\/\",\"logo\":{\"@type\":\"ImageObject\",\"inLanguage\":\"es\",\"@id\":\"https:\/\/aulanosa.es\/#\/schema\/logo\/image\/\",\"url\":\"https:\/\/aulanosa.es\/wp-content\/uploads\/2023\/12\/cropped-LOGOAN4-1.png\",\"contentUrl\":\"https:\/\/aulanosa.es\/wp-content\/uploads\/2023\/12\/cropped-LOGOAN4-1.png\",\"width\":141,\"height\":90,\"caption\":\"CPR Aula Nosa\"},\"image\":{\"@id\":\"https:\/\/aulanosa.es\/#\/schema\/logo\/image\/\"}}]}<\/script>\n<!-- \/ Yoast SEO plugin. -->","yoast_head_json":{"title":"FP B\u00e1sica Gratuita - CPR Aula Nosa","robots":{"index":"index","follow":"follow","max-snippet":"max-snippet:-1","max-image-preview":"max-image-preview:large","max-video-preview":"max-video-preview:-1"},"canonical":"https:\/\/aulanosa.es\/index.php\/fpgratis\/","og_locale":"es_ES","og_type":"article","og_title":"FP B\u00e1sica Gratuita - CPR Aula Nosa","og_description":"Estudia FP B\u00e1sica de Inform\u00e1tica de Oficina gratis. Centro concertado","og_url":"https:\/\/aulanosa.es\/index.php\/fpgratis\/","og_site_name":"CPR Aula Nosa","article_modified_time":"2019-06-23T14:37:58+00:00","og_image":[{"url":"http:\/\/aulanosa.es\/wp-content\/uploads\/2019\/05\/banner_13-300x251.png"}],"twitter_card":"summary_large_image","schema":{"@context":"https:\/\/schema.org","@graph":[{"@type":"WebPage","@id":"https:\/\/aulanosa.es\/index.php\/fpgratis\/","url":"https:\/\/aulanosa.es\/index.php\/fpgratis\/","name":"FP B\u00e1sica Gratuita - CPR Aula Nosa","isPartOf":{"@id":"https:\/\/aulanosa.es\/#website"},"datePublished":"2018-04-24T09:08:00+00:00","dateModified":"2019-06-23T14:37:58+00:00","breadcrumb":{"@id":"https:\/\/aulanosa.es\/index.php\/fpgratis\/#breadcrumb"},"inLanguage":"es","potentialAction":[{"@type":"ReadAction","target":["https:\/\/aulanosa.es\/index.php\/fpgratis\/"]}]},{"@type":"BreadcrumbList","@id":"https:\/\/aulanosa.es\/index.php\/fpgratis\/#breadcrumb","itemListElement":[{"@type":"ListItem","position":1,"name":"Portada","item":"https:\/\/aulanosa.es\/"},{"@type":"ListItem","position":2,"name":"FP B\u00e1sica Gratuita"}]},{"@type":"WebSite","@id":"https:\/\/aulanosa.es\/#website","url":"https:\/\/aulanosa.es\/","name":"CPR Aula Nosa","description":"Centro de estudios privado - concertado","publisher":{"@id":"https:\/\/aulanosa.es\/#organization"},"potentialAction":[{"@type":"SearchAction","target":{"@type":"EntryPoint","urlTemplate":"https:\/\/aulanosa.es\/?s={search_term_string}"},"query-input":"required name=search_term_string"}],"inLanguage":"es"},{"@type":"Organization","@id":"https:\/\/aulanosa.es\/#organization","name":"CPR Aula Nosa","url":"https:\/\/aulanosa.es\/","logo":{"@type":"ImageObject","inLanguage":"es","@id":"https:\/\/aulanosa.es\/#\/schema\/logo\/image\/","url":"https:\/\/aulanosa.es\/wp-content\/uploads\/2023\/12\/cropped-LOGOAN4-1.png","contentUrl":"https:\/\/aulanosa.es\/wp-content\/uploads\/2023\/12\/cropped-LOGOAN4-1.png","width":141,"height":90,"caption":"CPR Aula Nosa"},"image":{"@id":"https:\/\/aulanosa.es\/#\/schema\/logo\/image\/"}}]}},"_links":{"self":[{"href":"https:\/\/aulanosa.es\/index.php\/wp-json\/wp\/v2\/pages\/91"}],"collection":[{"href":"https:\/\/aulanosa.es\/index.php\/wp-json\/wp\/v2\/pages"}],"about":[{"href":"https:\/\/aulanosa.es\/index.php\/wp-json\/wp\/v2\/types\/page"}],"author":[{"embeddable":true,"href":"https:\/\/aulanosa.es\/index.php\/wp-json\/wp\/v2\/users\/1"}],"replies":[{"embeddable":true,"href":"https:\/\/aulanosa.es\/index.php\/wp-json\/wp\/v2\/comments?post=91"}],"version-history":[{"count":3,"href":"https:\/\/aulanosa.es\/index.php\/wp-json\/wp\/v2\/pages\/91\/revisions"}],"predecessor-version":[{"id":676,"href":"https:\/\/aulanosa.es\/index.php\/wp-json\/wp\/v2\/pages\/91\/revisions\/676"}],"wp:attachment":[{"href":"https:\/\/aulanosa.es\/index.php\/wp-json\/wp\/v2\/media?parent=91"}],"curies":[{"name":"wp","href":"https:\/\/api.w.org\/{rel}","templated":true}]}}