{"id":614,"date":"2019-06-19T18:08:23","date_gmt":"2019-06-19T16:08:23","guid":{"rendered":"http:\/\/aulanosa.es\/?page_id=614"},"modified":"2022-09-28T09:54:50","modified_gmt":"2022-09-28T07:54:50","slug":"politica-de-cookies","status":"publish","type":"page","link":"https:\/\/aulanosa.es\/index.php\/politica-de-cookies\/","title":{"rendered":"POL\u00cdTICA DE COOKIES"},"content":{"rendered":"<p>En cumplimiento con el deber de informaci\u00f3n recogido en el apartado 2o del art\u00edculo 22 de la Ley 34\/2002, de 11 de Julio, de Servicios de la Sociedad de la Informaci\u00f3n y del Comercio Electr\u00f3nico, la presente pol\u00edtica de cookies tiene por finalidad informarle de manera clara y precisa sobre las cookies que se utilizan en la p\u00e1gina web de CENTRO DE ENSINO VAGALUME S.L.<\/p>\n<p><strong>\u00bfQu\u00e9 son las cookies?<\/strong><br \/>\nUna cookie es un fichero de peque\u00f1o tama\u00f1o que los sitios web env\u00edan al navegador y se descargan en su ordenador. Las cookies permiten que la p\u00e1gina web almacene y recupere la informaci\u00f3n sobre su visita, como su idioma preferido y otras opciones, con el fin de mejorar los servicios que se ofrecen y contribuir a tener una mejor experiencia de navegaci\u00f3n para el usuario.<\/p>\n<p><strong>Tipos de cookies<\/strong><br \/>\nEn funci\u00f3n de qui\u00e9n gestione el dominio desde donde se env\u00edan las cookies y se traten los datos, se distinguir\u00e1 entre cookies propias y cookies de terceros.<br \/>\nLas cookies tambi\u00e9n pueden clasificarse seg\u00fan el plazo de tiempo que permanezcan almacenadas en el navegador del usuario, distingui\u00e9ndose entre cookies de sesi\u00f3n o cookies persistentes.<br \/>\nFinalmente, en funci\u00f3n de la finalidad para la que se trate la informaci\u00f3n recopilada, las cookies se pueden clasificar en las siguientes categor\u00edas:<br \/>\n&#8211; Cookies t\u00e9cnicas: permiten al usuario navegar por un sitio web y utilizar algunos de los servicios ofrecidos por el mismo (como, por ejemplo, las que sirven para recordar los elementos integrantes de<br \/>\nun carrito de compra).<br \/>\n&#8211; Cookies de personalizaci\u00f3n: permiten que el usuario acceda al sitio web con unas caracter\u00edsticas determinadas, como puede ser el idioma.<br \/>\nCookies de seguridad: sirven para impedir o dificultar los ataques contra el sitio web.<br \/>\n&#8211; Cookies de complemento para intercambiar contenidos sociales: los llamados plug-in, que permiten compartir contenidos en redes sociales.<br \/>\nCookies de an\u00e1lisis: permiten al responsable el seguimiento del comportamiento del usuario.<br \/>\n&#8211; Cookies publicitarias: permiten gestionar los espacios de publicidad del sitio web.<br \/>\n&#8211; Cookies de publicidad comportamental: como las anteriores, sirven para gestionar los espacios de publicidad del sitio web en funci\u00f3n de la informaci\u00f3n recogida sobre el comportamiento del usuario y sus h\u00e1bitos, adaptando la publicidad al perfil del usuario.<br \/>\n&#8211; Cookies de geolocalizaci\u00f3n: utilizadas para averiguar el pa\u00eds d\u00f3nde se encuentra el usuario.<\/p>\n<p><strong>Autorizaci\u00f3n para el uso de cookies<\/strong><br \/>\nDe conformidad con el aviso de cookies que aparece en el sitio web, el usuario puede consentir expresamente el uso de cookies que requieran consentimiento; sin embargo, el uso de cookies t\u00e9cnicas o necesarias no requiere de consentimiento. Sin perjuicio de todo ello, el usuario puede modificar la configuraci\u00f3n de su navegador para rechazar el uso de las cookies.<\/p>\n<p><strong>C\u00f3mo modificar la configuraci\u00f3n de las cookies <\/strong><\/p>\n<p>Usted puede restringir, bloquear o borrar las cookies de AULA NOSA o cualquier otra p\u00e1gina web utilizando su navegador. En cada navegador la operativa es diferente, puede encontrar c\u00f3mo hacerlo en el men\u00fa de ayuda de su navegador d\u00f3nde se establece el procedimiento para su eliminaci\u00f3n.<\/p>\n<p><strong>Para m\u00e1s informaci\u00f3n:<\/strong><br \/>\nGoogle Chrome:<br \/>\nhttps:\/\/support.google.com\/chrome\/answer\/95647co=GENIE.Platform%3DDesktop&#038;hl=es<br \/>\nMozilla Firefox:<br \/>\nhttps:\/\/support.mozilla.org\/es\/kb\/habilitar-y-deshabilitar-cookies-sitios-web-rastrear-preferencias<br \/>\nSafari:<br \/>\nhttps:\/\/support.apple.com\/es-es\/guide\/safari\/sfri11471\/mac<br \/>\nInternet Explorer:<br \/>\nhttps:\/\/support.microsoft.com\/es-es\/help\/278835\/how-to-delete-cookie-files-in-internet-explorer<\/p>\n<p>Es posible que al deshabilitar las cookies la p\u00e1gina web no funcione correctamente o no pueda acceder a determinadas funciones de la misma.<\/p>\n<p><strong>Cookies utilizadas en la web<\/strong><br \/>\nEn el portal web se utilizan diferentes tipos de cookies con distintas finalidades.<\/p>\n<p><strong>Modificaci\u00f3n de las condiciones<\/strong><br \/>\nCENTRO DE ENSINO VAGALUME S.L se reserva expresamente el derecho a modificar unilateralmente, total o parcialmente, sin necesidad de previo aviso, la presente Pol\u00edtica de Cookies. El usuario reconoce y acepta que es su responsabilidad revisar la presente Pol\u00edtica de Cookies.<\/p>\n","protected":false},"excerpt":{"rendered":"<p>En cumplimiento con el deber de informaci\u00f3n recogido en el apartado 2o del art\u00edculo 22 de la Ley 34\/2002, de 11 de Julio, de Servicios de la Sociedad de la Informaci\u00f3n y del Comercio Electr\u00f3nico, la presente pol\u00edtica de cookies tiene por finalidad informarle de manera clara y precisa sobre las cookies que se utilizan [&hellip;]<\/p>\n","protected":false},"author":1,"featured_media":0,"parent":0,"menu_order":0,"comment_status":"closed","ping_status":"closed","template":"","meta":{"footnotes":""},"yoast_head":"<!-- This site is optimized with the Yoast SEO plugin v21.6 - https:\/\/yoast.com\/wordpress\/plugins\/seo\/ -->\n<title>POL\u00cdTICA DE COOKIES - CPR Aula Nosa<\/title>\n<meta name=\"robots\" content=\"index, follow, max-snippet:-1, max-image-preview:large, max-video-preview:-1\" \/>\n<link rel=\"canonical\" href=\"https:\/\/aulanosa.es\/index.php\/politica-de-cookies\/\" \/>\n<meta property=\"og:locale\" content=\"es_ES\" \/>\n<meta property=\"og:type\" content=\"article\" \/>\n<meta property=\"og:title\" content=\"POL\u00cdTICA DE COOKIES - CPR Aula Nosa\" \/>\n<meta property=\"og:description\" content=\"En cumplimiento con el deber de informaci\u00f3n recogido en el apartado 2o del art\u00edculo 22 de la Ley 34\/2002, de 11 de Julio, de Servicios de la Sociedad de la Informaci\u00f3n y del Comercio Electr\u00f3nico, la presente pol\u00edtica de cookies tiene por finalidad informarle de manera clara y precisa sobre las cookies que se utilizan [&hellip;]\" \/>\n<meta property=\"og:url\" content=\"https:\/\/aulanosa.es\/index.php\/politica-de-cookies\/\" \/>\n<meta property=\"og:site_name\" content=\"CPR Aula Nosa\" \/>\n<meta property=\"article:modified_time\" content=\"2022-09-28T07:54:50+00:00\" \/>\n<meta name=\"twitter:card\" content=\"summary_large_image\" \/>\n<meta name=\"twitter:label1\" content=\"Tiempo de lectura\" \/>\n\t<meta name=\"twitter:data1\" content=\"3 minutos\" \/>\n<script type=\"application\/ld+json\" class=\"yoast-schema-graph\">{\"@context\":\"https:\/\/schema.org\",\"@graph\":[{\"@type\":\"WebPage\",\"@id\":\"https:\/\/aulanosa.es\/index.php\/politica-de-cookies\/\",\"url\":\"https:\/\/aulanosa.es\/index.php\/politica-de-cookies\/\",\"name\":\"POL\u00cdTICA DE COOKIES - CPR Aula Nosa\",\"isPartOf\":{\"@id\":\"https:\/\/aulanosa.es\/#website\"},\"datePublished\":\"2019-06-19T16:08:23+00:00\",\"dateModified\":\"2022-09-28T07:54:50+00:00\",\"breadcrumb\":{\"@id\":\"https:\/\/aulanosa.es\/index.php\/politica-de-cookies\/#breadcrumb\"},\"inLanguage\":\"es\",\"potentialAction\":[{\"@type\":\"ReadAction\",\"target\":[\"https:\/\/aulanosa.es\/index.php\/politica-de-cookies\/\"]}]},{\"@type\":\"BreadcrumbList\",\"@id\":\"https:\/\/aulanosa.es\/index.php\/politica-de-cookies\/#breadcrumb\",\"itemListElement\":[{\"@type\":\"ListItem\",\"position\":1,\"name\":\"Portada\",\"item\":\"https:\/\/aulanosa.es\/\"},{\"@type\":\"ListItem\",\"position\":2,\"name\":\"POL\u00cdTICA DE COOKIES\"}]},{\"@type\":\"WebSite\",\"@id\":\"https:\/\/aulanosa.es\/#website\",\"url\":\"https:\/\/aulanosa.es\/\",\"name\":\"CPR Aula Nosa\",\"description\":\"Centro de estudios privado - concertado\",\"publisher\":{\"@id\":\"https:\/\/aulanosa.es\/#organization\"},\"potentialAction\":[{\"@type\":\"SearchAction\",\"target\":{\"@type\":\"EntryPoint\",\"urlTemplate\":\"https:\/\/aulanosa.es\/?s={search_term_string}\"},\"query-input\":\"required name=search_term_string\"}],\"inLanguage\":\"es\"},{\"@type\":\"Organization\",\"@id\":\"https:\/\/aulanosa.es\/#organization\",\"name\":\"CPR Aula Nosa\",\"url\":\"https:\/\/aulanosa.es\/\",\"logo\":{\"@type\":\"ImageObject\",\"inLanguage\":\"es\",\"@id\":\"https:\/\/aulanosa.es\/#\/schema\/logo\/image\/\",\"url\":\"https:\/\/aulanosa.es\/wp-content\/uploads\/2023\/12\/cropped-LOGOAN4-1.png\",\"contentUrl\":\"https:\/\/aulanosa.es\/wp-content\/uploads\/2023\/12\/cropped-LOGOAN4-1.png\",\"width\":141,\"height\":90,\"caption\":\"CPR Aula Nosa\"},\"image\":{\"@id\":\"https:\/\/aulanosa.es\/#\/schema\/logo\/image\/\"}}]}<\/script>\n<!-- \/ Yoast SEO plugin. -->","yoast_head_json":{"title":"POL\u00cdTICA DE COOKIES - CPR Aula Nosa","robots":{"index":"index","follow":"follow","max-snippet":"max-snippet:-1","max-image-preview":"max-image-preview:large","max-video-preview":"max-video-preview:-1"},"canonical":"https:\/\/aulanosa.es\/index.php\/politica-de-cookies\/","og_locale":"es_ES","og_type":"article","og_title":"POL\u00cdTICA DE COOKIES - CPR Aula Nosa","og_description":"En cumplimiento con el deber de informaci\u00f3n recogido en el apartado 2o del art\u00edculo 22 de la Ley 34\/2002, de 11 de Julio, de Servicios de la Sociedad de la Informaci\u00f3n y del Comercio Electr\u00f3nico, la presente pol\u00edtica de cookies tiene por finalidad informarle de manera clara y precisa sobre las cookies que se utilizan [&hellip;]","og_url":"https:\/\/aulanosa.es\/index.php\/politica-de-cookies\/","og_site_name":"CPR Aula Nosa","article_modified_time":"2022-09-28T07:54:50+00:00","twitter_card":"summary_large_image","twitter_misc":{"Tiempo de lectura":"3 minutos"},"schema":{"@context":"https:\/\/schema.org","@graph":[{"@type":"WebPage","@id":"https:\/\/aulanosa.es\/index.php\/politica-de-cookies\/","url":"https:\/\/aulanosa.es\/index.php\/politica-de-cookies\/","name":"POL\u00cdTICA DE COOKIES - CPR Aula Nosa","isPartOf":{"@id":"https:\/\/aulanosa.es\/#website"},"datePublished":"2019-06-19T16:08:23+00:00","dateModified":"2022-09-28T07:54:50+00:00","breadcrumb":{"@id":"https:\/\/aulanosa.es\/index.php\/politica-de-cookies\/#breadcrumb"},"inLanguage":"es","potentialAction":[{"@type":"ReadAction","target":["https:\/\/aulanosa.es\/index.php\/politica-de-cookies\/"]}]},{"@type":"BreadcrumbList","@id":"https:\/\/aulanosa.es\/index.php\/politica-de-cookies\/#breadcrumb","itemListElement":[{"@type":"ListItem","position":1,"name":"Portada","item":"https:\/\/aulanosa.es\/"},{"@type":"ListItem","position":2,"name":"POL\u00cdTICA DE COOKIES"}]},{"@type":"WebSite","@id":"https:\/\/aulanosa.es\/#website","url":"https:\/\/aulanosa.es\/","name":"CPR Aula Nosa","description":"Centro de estudios privado - concertado","publisher":{"@id":"https:\/\/aulanosa.es\/#organization"},"potentialAction":[{"@type":"SearchAction","target":{"@type":"EntryPoint","urlTemplate":"https:\/\/aulanosa.es\/?s={search_term_string}"},"query-input":"required name=search_term_string"}],"inLanguage":"es"},{"@type":"Organization","@id":"https:\/\/aulanosa.es\/#organization","name":"CPR Aula Nosa","url":"https:\/\/aulanosa.es\/","logo":{"@type":"ImageObject","inLanguage":"es","@id":"https:\/\/aulanosa.es\/#\/schema\/logo\/image\/","url":"https:\/\/aulanosa.es\/wp-content\/uploads\/2023\/12\/cropped-LOGOAN4-1.png","contentUrl":"https:\/\/aulanosa.es\/wp-content\/uploads\/2023\/12\/cropped-LOGOAN4-1.png","width":141,"height":90,"caption":"CPR Aula Nosa"},"image":{"@id":"https:\/\/aulanosa.es\/#\/schema\/logo\/image\/"}}]}},"_links":{"self":[{"href":"https:\/\/aulanosa.es\/index.php\/wp-json\/wp\/v2\/pages\/614"}],"collection":[{"href":"https:\/\/aulanosa.es\/index.php\/wp-json\/wp\/v2\/pages"}],"about":[{"href":"https:\/\/aulanosa.es\/index.php\/wp-json\/wp\/v2\/types\/page"}],"author":[{"embeddable":true,"href":"https:\/\/aulanosa.es\/index.php\/wp-json\/wp\/v2\/users\/1"}],"replies":[{"embeddable":true,"href":"https:\/\/aulanosa.es\/index.php\/wp-json\/wp\/v2\/comments?post=614"}],"version-history":[{"count":3,"href":"https:\/\/aulanosa.es\/index.php\/wp-json\/wp\/v2\/pages\/614\/revisions"}],"predecessor-version":[{"id":951,"href":"https:\/\/aulanosa.es\/index.php\/wp-json\/wp\/v2\/pages\/614\/revisions\/951"}],"wp:attachment":[{"href":"https:\/\/aulanosa.es\/index.php\/wp-json\/wp\/v2\/media?parent=614"}],"curies":[{"name":"wp","href":"https:\/\/api.w.org\/{rel}","templated":true}]}}