{"id":60,"date":"2018-04-24T08:47:48","date_gmt":"2018-04-24T08:47:48","guid":{"rendered":"http:\/\/demo.acmethemes.com\/construction-field-pro\/?page_id=60"},"modified":"2019-06-23T16:23:35","modified_gmt":"2019-06-23T14:23:35","slug":"filosofia","status":"publish","type":"page","link":"https:\/\/aulanosa.es\/index.php\/filosofia\/","title":{"rendered":"Filosof\u00eda"},"content":{"rendered":"<p>Nuestro principio se fundamenta en el derecho de toda persona a la educaci\u00f3n para la consecuci\u00f3n de sus objetivos personales y profesionales.<\/p>\n<p>A partir de ello, nuestra m\u00e1xima tarea es ofrecer una <strong>educaci\u00f3n personalizada<\/strong> (con aulas reducidas en n\u00famero de alumando), <strong>\u00edntegra y profesional<\/strong>, a trav\u00e9s de una planificaci\u00f3n meticulosa de los contenidos, la formaci\u00f3n y actualizaci\u00f3n del profesorado y el contacto constante con el mundo real, las tendencias y las nuevas tecnolog\u00edas presentes y del futuro; sin olvidar en ning\u00fan momento el fomento de la igualdad, responsabilidad, motivaci\u00f3n y respeto.<\/p>\n<p>Toda esta combinaci\u00f3n nos lleva a comprometernos a ofrecer una ense\u00f1anza de calidad en un ambiente de confianza y familiar.<\/p>\n<p>Adem\u00e1s, en nuestro centro, podr\u00e1s empezar tus estudios desde lo m\u00e1s b\u00e1sico (la E.S.A.) e ir creciendo paso a paso hasta llegar a realizar un FP superior. Y este es otro de nuestros pilares fundamentales, el poder ofrecerte una formaci\u00f3n continua y escalonada.<\/p>\n<p>Ac\u00e9rcate a conocernos \ud83d\ude42<\/p>\n\n\n<p><\/p>\n","protected":false},"excerpt":{"rendered":"<p>La implicaci\u00f3n en cada caso y la b\u00fasqueda de una mejora constante son la base de nuestro proyecto.<\/p>\n","protected":false},"author":1,"featured_media":0,"parent":0,"menu_order":0,"comment_status":"closed","ping_status":"closed","template":"","meta":{"footnotes":""},"yoast_head":"<!-- This site is optimized with the Yoast SEO plugin v21.6 - https:\/\/yoast.com\/wordpress\/plugins\/seo\/ -->\n<title>Filosof\u00eda - CPR Aula Nosa<\/title>\n<meta name=\"robots\" content=\"index, follow, max-snippet:-1, max-image-preview:large, max-video-preview:-1\" \/>\n<link rel=\"canonical\" href=\"https:\/\/aulanosa.es\/index.php\/filosofia\/\" \/>\n<meta property=\"og:locale\" content=\"es_ES\" \/>\n<meta property=\"og:type\" content=\"article\" \/>\n<meta property=\"og:title\" content=\"Filosof\u00eda - CPR Aula Nosa\" \/>\n<meta property=\"og:description\" content=\"La implicaci\u00f3n en cada caso y la b\u00fasqueda de una mejora constante son la base de nuestro proyecto.\" \/>\n<meta property=\"og:url\" content=\"https:\/\/aulanosa.es\/index.php\/filosofia\/\" \/>\n<meta property=\"og:site_name\" content=\"CPR Aula Nosa\" \/>\n<meta property=\"article:modified_time\" content=\"2019-06-23T14:23:35+00:00\" \/>\n<meta name=\"twitter:card\" content=\"summary_large_image\" \/>\n<meta name=\"twitter:label1\" content=\"Tiempo de lectura\" \/>\n\t<meta name=\"twitter:data1\" content=\"1 minuto\" \/>\n<script type=\"application\/ld+json\" class=\"yoast-schema-graph\">{\"@context\":\"https:\/\/schema.org\",\"@graph\":[{\"@type\":\"WebPage\",\"@id\":\"https:\/\/aulanosa.es\/index.php\/filosofia\/\",\"url\":\"https:\/\/aulanosa.es\/index.php\/filosofia\/\",\"name\":\"Filosof\u00eda - CPR Aula Nosa\",\"isPartOf\":{\"@id\":\"https:\/\/aulanosa.es\/#website\"},\"datePublished\":\"2018-04-24T08:47:48+00:00\",\"dateModified\":\"2019-06-23T14:23:35+00:00\",\"breadcrumb\":{\"@id\":\"https:\/\/aulanosa.es\/index.php\/filosofia\/#breadcrumb\"},\"inLanguage\":\"es\",\"potentialAction\":[{\"@type\":\"ReadAction\",\"target\":[\"https:\/\/aulanosa.es\/index.php\/filosofia\/\"]}]},{\"@type\":\"BreadcrumbList\",\"@id\":\"https:\/\/aulanosa.es\/index.php\/filosofia\/#breadcrumb\",\"itemListElement\":[{\"@type\":\"ListItem\",\"position\":1,\"name\":\"Portada\",\"item\":\"https:\/\/aulanosa.es\/\"},{\"@type\":\"ListItem\",\"position\":2,\"name\":\"Filosof\u00eda\"}]},{\"@type\":\"WebSite\",\"@id\":\"https:\/\/aulanosa.es\/#website\",\"url\":\"https:\/\/aulanosa.es\/\",\"name\":\"CPR Aula Nosa\",\"description\":\"Centro de estudios privado - concertado\",\"publisher\":{\"@id\":\"https:\/\/aulanosa.es\/#organization\"},\"potentialAction\":[{\"@type\":\"SearchAction\",\"target\":{\"@type\":\"EntryPoint\",\"urlTemplate\":\"https:\/\/aulanosa.es\/?s={search_term_string}\"},\"query-input\":\"required name=search_term_string\"}],\"inLanguage\":\"es\"},{\"@type\":\"Organization\",\"@id\":\"https:\/\/aulanosa.es\/#organization\",\"name\":\"CPR Aula Nosa\",\"url\":\"https:\/\/aulanosa.es\/\",\"logo\":{\"@type\":\"ImageObject\",\"inLanguage\":\"es\",\"@id\":\"https:\/\/aulanosa.es\/#\/schema\/logo\/image\/\",\"url\":\"https:\/\/aulanosa.es\/wp-content\/uploads\/2023\/12\/cropped-LOGOAN4-1.png\",\"contentUrl\":\"https:\/\/aulanosa.es\/wp-content\/uploads\/2023\/12\/cropped-LOGOAN4-1.png\",\"width\":141,\"height\":90,\"caption\":\"CPR Aula Nosa\"},\"image\":{\"@id\":\"https:\/\/aulanosa.es\/#\/schema\/logo\/image\/\"}}]}<\/script>\n<!-- \/ Yoast SEO plugin. -->","yoast_head_json":{"title":"Filosof\u00eda - CPR Aula Nosa","robots":{"index":"index","follow":"follow","max-snippet":"max-snippet:-1","max-image-preview":"max-image-preview:large","max-video-preview":"max-video-preview:-1"},"canonical":"https:\/\/aulanosa.es\/index.php\/filosofia\/","og_locale":"es_ES","og_type":"article","og_title":"Filosof\u00eda - CPR Aula Nosa","og_description":"La implicaci\u00f3n en cada caso y la b\u00fasqueda de una mejora constante son la base de nuestro proyecto.","og_url":"https:\/\/aulanosa.es\/index.php\/filosofia\/","og_site_name":"CPR Aula Nosa","article_modified_time":"2019-06-23T14:23:35+00:00","twitter_card":"summary_large_image","twitter_misc":{"Tiempo de lectura":"1 minuto"},"schema":{"@context":"https:\/\/schema.org","@graph":[{"@type":"WebPage","@id":"https:\/\/aulanosa.es\/index.php\/filosofia\/","url":"https:\/\/aulanosa.es\/index.php\/filosofia\/","name":"Filosof\u00eda - CPR Aula Nosa","isPartOf":{"@id":"https:\/\/aulanosa.es\/#website"},"datePublished":"2018-04-24T08:47:48+00:00","dateModified":"2019-06-23T14:23:35+00:00","breadcrumb":{"@id":"https:\/\/aulanosa.es\/index.php\/filosofia\/#breadcrumb"},"inLanguage":"es","potentialAction":[{"@type":"ReadAction","target":["https:\/\/aulanosa.es\/index.php\/filosofia\/"]}]},{"@type":"BreadcrumbList","@id":"https:\/\/aulanosa.es\/index.php\/filosofia\/#breadcrumb","itemListElement":[{"@type":"ListItem","position":1,"name":"Portada","item":"https:\/\/aulanosa.es\/"},{"@type":"ListItem","position":2,"name":"Filosof\u00eda"}]},{"@type":"WebSite","@id":"https:\/\/aulanosa.es\/#website","url":"https:\/\/aulanosa.es\/","name":"CPR Aula Nosa","description":"Centro de estudios privado - concertado","publisher":{"@id":"https:\/\/aulanosa.es\/#organization"},"potentialAction":[{"@type":"SearchAction","target":{"@type":"EntryPoint","urlTemplate":"https:\/\/aulanosa.es\/?s={search_term_string}"},"query-input":"required name=search_term_string"}],"inLanguage":"es"},{"@type":"Organization","@id":"https:\/\/aulanosa.es\/#organization","name":"CPR Aula Nosa","url":"https:\/\/aulanosa.es\/","logo":{"@type":"ImageObject","inLanguage":"es","@id":"https:\/\/aulanosa.es\/#\/schema\/logo\/image\/","url":"https:\/\/aulanosa.es\/wp-content\/uploads\/2023\/12\/cropped-LOGOAN4-1.png","contentUrl":"https:\/\/aulanosa.es\/wp-content\/uploads\/2023\/12\/cropped-LOGOAN4-1.png","width":141,"height":90,"caption":"CPR Aula Nosa"},"image":{"@id":"https:\/\/aulanosa.es\/#\/schema\/logo\/image\/"}}]}},"_links":{"self":[{"href":"https:\/\/aulanosa.es\/index.php\/wp-json\/wp\/v2\/pages\/60"}],"collection":[{"href":"https:\/\/aulanosa.es\/index.php\/wp-json\/wp\/v2\/pages"}],"about":[{"href":"https:\/\/aulanosa.es\/index.php\/wp-json\/wp\/v2\/types\/page"}],"author":[{"embeddable":true,"href":"https:\/\/aulanosa.es\/index.php\/wp-json\/wp\/v2\/users\/1"}],"replies":[{"embeddable":true,"href":"https:\/\/aulanosa.es\/index.php\/wp-json\/wp\/v2\/comments?post=60"}],"version-history":[{"count":4,"href":"https:\/\/aulanosa.es\/index.php\/wp-json\/wp\/v2\/pages\/60\/revisions"}],"predecessor-version":[{"id":659,"href":"https:\/\/aulanosa.es\/index.php\/wp-json\/wp\/v2\/pages\/60\/revisions\/659"}],"wp:attachment":[{"href":"https:\/\/aulanosa.es\/index.php\/wp-json\/wp\/v2\/media?parent=60"}],"curies":[{"name":"wp","href":"https:\/\/api.w.org\/{rel}","templated":true}]}}