{"id":558,"date":"2019-06-19T10:44:36","date_gmt":"2019-06-19T08:44:36","guid":{"rendered":"http:\/\/aulanosa.es\/?page_id=558"},"modified":"2022-09-28T09:08:41","modified_gmt":"2022-09-28T07:08:41","slug":"calidad","status":"publish","type":"page","link":"https:\/\/aulanosa.es\/index.php\/calidad\/","title":{"rendered":"POL\u00cdTICA DE CALIDAD"},"content":{"rendered":"<p style=\"text-align: center;\"><em><strong>POLITICA DE CALIDAD<\/strong><\/em><\/p>\n<p><b>CPR AULA NOSA <\/b>es consciente de la necesidad de mejorar de una manera constante y continuada para ser capaz de adaptarse y cumplir las cada vez m\u00e1s exigentes condiciones de sus alumnos y de otras partes interesadas y de esta manera poder destacar frente a sus competidores.<\/p>\n<p>Los objetivos y decisiones en relaci\u00f3n con la Calidad est\u00e1n \u00edntimamente ligadas y forman parte de la pol\u00edtica de la empresa que quedan reflejadas en nuestra pol\u00edtica de Calidad que presenta las siguientes bases:<\/p>\n<ul>\n<li>Conseguir que la empresa sea econ\u00f3micamente estable y rentable<\/li>\n<li>La satisfacci\u00f3n total de todos nuestros alumnos, obteniendo siempre la m\u00e1xima calidad en todas las acciones formativas que CPR. <b>AULA NOSA <\/b>desarrolla.<\/li>\n<li>Implicar, motivar y comprometer al personal con el objeto de buscar su participaci\u00f3n en la gesti\u00f3n, desarrollo y aplicaci\u00f3n del sistema de Calidad<\/li>\n<li>Promover y fomentar acciones formativas entre nuestro personal, que nos permitir\u00e1n disponer siempre de personal altamente cualificado y en las novedades del mercado.<\/li>\n<li>Estudiar y conocer las necesidades de nuestros alumnos actuales y futuros para poder acercarnos a sus necesidades y poder ofrecerles unos servicios de m\u00e1s calidad.<\/li>\n<li>Establecer lazos de complementariedad y entendimiento entre los centros de formaci\u00f3n.<\/li>\n<li>Detectar las necesidades de infraestructuras necesarias para poder adecuarnos a las demandas de la sociedad.<\/li>\n<li>Adelantarnos al mercado para llegar antes que nuestra competencia al futuro de la formaci\u00f3n.<\/li>\n<li>La Calidad que se obtiene, representar\u00e1 siempre una ventaja estrat\u00e9gica frente a nuestra competencia.<\/li>\n<\/ul>\n<p>Para lograr este objetivo, la Gerencia ha asumido el desarrollo e implantaci\u00f3n de un sistema de Gesti\u00f3n de la Calidad seg\u00fan la Norma UNE-EN-ISO 9001:2015 y se compromete a proporcionar todos los recursos necesarios.<\/p>\n<p>La Gerencia establecer\u00e1 dentro de la pol\u00edtica general los planes y recursos necesarios para alcanzar los objetivos de calidad propuestos.<\/p>\n<p>La Gerencia se compromete al cumplimiento de todos los requisitos legales y reglamentarios que afecten a la actividad desarrollada por la empresa.<\/p>\n<p>El cumplimiento de las tareas diarias, y con el esfuerzo de todos renovando cada d\u00eda el rigor en le trabajo, nos dar\u00e1 un mayor prestigio y m\u00e1s competitividad.<\/p>\n<p><a href=\"https:\/\/aulanosa.es\/wp-content\/uploads\/2022\/09\/CERTIFICACION-BUROVERITAS-2021.pdf\">CERTIFICACI\u00d3N BUROVERITAS 2021<\/a><\/p>\n<p style=\"text-align: right;\"><em>Nuestra directora, Margarita Paletta Linares.<\/em><\/p>\n","protected":false},"excerpt":{"rendered":"<p>POLITICA DE CALIDAD CPR AULA NOSA es consciente de la necesidad de mejorar de una manera constante y continuada para ser capaz de adaptarse y cumplir las cada vez m\u00e1s exigentes condiciones de sus alumnos y de otras partes interesadas y de esta manera poder destacar frente a sus competidores. Los objetivos y decisiones en [&hellip;]<\/p>\n","protected":false},"author":1,"featured_media":0,"parent":0,"menu_order":0,"comment_status":"closed","ping_status":"closed","template":"","meta":{"footnotes":""},"yoast_head":"<!-- This site is optimized with the Yoast SEO plugin v21.6 - https:\/\/yoast.com\/wordpress\/plugins\/seo\/ -->\n<title>POL\u00cdTICA DE CALIDAD - CPR Aula Nosa<\/title>\n<meta name=\"robots\" content=\"index, follow, max-snippet:-1, max-image-preview:large, max-video-preview:-1\" \/>\n<link rel=\"canonical\" href=\"https:\/\/aulanosa.es\/index.php\/calidad\/\" \/>\n<meta property=\"og:locale\" content=\"es_ES\" \/>\n<meta property=\"og:type\" content=\"article\" \/>\n<meta property=\"og:title\" content=\"POL\u00cdTICA DE CALIDAD - CPR Aula Nosa\" \/>\n<meta property=\"og:description\" content=\"POLITICA DE CALIDAD CPR AULA NOSA es consciente de la necesidad de mejorar de una manera constante y continuada para ser capaz de adaptarse y cumplir las cada vez m\u00e1s exigentes condiciones de sus alumnos y de otras partes interesadas y de esta manera poder destacar frente a sus competidores. Los objetivos y decisiones en [&hellip;]\" \/>\n<meta property=\"og:url\" content=\"https:\/\/aulanosa.es\/index.php\/calidad\/\" \/>\n<meta property=\"og:site_name\" content=\"CPR Aula Nosa\" \/>\n<meta property=\"article:modified_time\" content=\"2022-09-28T07:08:41+00:00\" \/>\n<meta name=\"twitter:card\" content=\"summary_large_image\" \/>\n<meta name=\"twitter:label1\" content=\"Tiempo de lectura\" \/>\n\t<meta name=\"twitter:data1\" content=\"2 minutos\" \/>\n<script type=\"application\/ld+json\" class=\"yoast-schema-graph\">{\"@context\":\"https:\/\/schema.org\",\"@graph\":[{\"@type\":\"WebPage\",\"@id\":\"https:\/\/aulanosa.es\/index.php\/calidad\/\",\"url\":\"https:\/\/aulanosa.es\/index.php\/calidad\/\",\"name\":\"POL\u00cdTICA DE CALIDAD - CPR Aula Nosa\",\"isPartOf\":{\"@id\":\"https:\/\/aulanosa.es\/#website\"},\"datePublished\":\"2019-06-19T08:44:36+00:00\",\"dateModified\":\"2022-09-28T07:08:41+00:00\",\"breadcrumb\":{\"@id\":\"https:\/\/aulanosa.es\/index.php\/calidad\/#breadcrumb\"},\"inLanguage\":\"es\",\"potentialAction\":[{\"@type\":\"ReadAction\",\"target\":[\"https:\/\/aulanosa.es\/index.php\/calidad\/\"]}]},{\"@type\":\"BreadcrumbList\",\"@id\":\"https:\/\/aulanosa.es\/index.php\/calidad\/#breadcrumb\",\"itemListElement\":[{\"@type\":\"ListItem\",\"position\":1,\"name\":\"Portada\",\"item\":\"https:\/\/aulanosa.es\/\"},{\"@type\":\"ListItem\",\"position\":2,\"name\":\"POL\u00cdTICA DE CALIDAD\"}]},{\"@type\":\"WebSite\",\"@id\":\"https:\/\/aulanosa.es\/#website\",\"url\":\"https:\/\/aulanosa.es\/\",\"name\":\"CPR Aula Nosa\",\"description\":\"Centro de estudios privado - concertado\",\"publisher\":{\"@id\":\"https:\/\/aulanosa.es\/#organization\"},\"potentialAction\":[{\"@type\":\"SearchAction\",\"target\":{\"@type\":\"EntryPoint\",\"urlTemplate\":\"https:\/\/aulanosa.es\/?s={search_term_string}\"},\"query-input\":\"required name=search_term_string\"}],\"inLanguage\":\"es\"},{\"@type\":\"Organization\",\"@id\":\"https:\/\/aulanosa.es\/#organization\",\"name\":\"CPR Aula Nosa\",\"url\":\"https:\/\/aulanosa.es\/\",\"logo\":{\"@type\":\"ImageObject\",\"inLanguage\":\"es\",\"@id\":\"https:\/\/aulanosa.es\/#\/schema\/logo\/image\/\",\"url\":\"https:\/\/aulanosa.es\/wp-content\/uploads\/2023\/12\/cropped-LOGOAN4-1.png\",\"contentUrl\":\"https:\/\/aulanosa.es\/wp-content\/uploads\/2023\/12\/cropped-LOGOAN4-1.png\",\"width\":141,\"height\":90,\"caption\":\"CPR Aula Nosa\"},\"image\":{\"@id\":\"https:\/\/aulanosa.es\/#\/schema\/logo\/image\/\"}}]}<\/script>\n<!-- \/ Yoast SEO plugin. -->","yoast_head_json":{"title":"POL\u00cdTICA DE CALIDAD - CPR Aula Nosa","robots":{"index":"index","follow":"follow","max-snippet":"max-snippet:-1","max-image-preview":"max-image-preview:large","max-video-preview":"max-video-preview:-1"},"canonical":"https:\/\/aulanosa.es\/index.php\/calidad\/","og_locale":"es_ES","og_type":"article","og_title":"POL\u00cdTICA DE CALIDAD - CPR Aula Nosa","og_description":"POLITICA DE CALIDAD CPR AULA NOSA es consciente de la necesidad de mejorar de una manera constante y continuada para ser capaz de adaptarse y cumplir las cada vez m\u00e1s exigentes condiciones de sus alumnos y de otras partes interesadas y de esta manera poder destacar frente a sus competidores. Los objetivos y decisiones en [&hellip;]","og_url":"https:\/\/aulanosa.es\/index.php\/calidad\/","og_site_name":"CPR Aula Nosa","article_modified_time":"2022-09-28T07:08:41+00:00","twitter_card":"summary_large_image","twitter_misc":{"Tiempo de lectura":"2 minutos"},"schema":{"@context":"https:\/\/schema.org","@graph":[{"@type":"WebPage","@id":"https:\/\/aulanosa.es\/index.php\/calidad\/","url":"https:\/\/aulanosa.es\/index.php\/calidad\/","name":"POL\u00cdTICA DE CALIDAD - CPR Aula Nosa","isPartOf":{"@id":"https:\/\/aulanosa.es\/#website"},"datePublished":"2019-06-19T08:44:36+00:00","dateModified":"2022-09-28T07:08:41+00:00","breadcrumb":{"@id":"https:\/\/aulanosa.es\/index.php\/calidad\/#breadcrumb"},"inLanguage":"es","potentialAction":[{"@type":"ReadAction","target":["https:\/\/aulanosa.es\/index.php\/calidad\/"]}]},{"@type":"BreadcrumbList","@id":"https:\/\/aulanosa.es\/index.php\/calidad\/#breadcrumb","itemListElement":[{"@type":"ListItem","position":1,"name":"Portada","item":"https:\/\/aulanosa.es\/"},{"@type":"ListItem","position":2,"name":"POL\u00cdTICA DE CALIDAD"}]},{"@type":"WebSite","@id":"https:\/\/aulanosa.es\/#website","url":"https:\/\/aulanosa.es\/","name":"CPR Aula Nosa","description":"Centro de estudios privado - concertado","publisher":{"@id":"https:\/\/aulanosa.es\/#organization"},"potentialAction":[{"@type":"SearchAction","target":{"@type":"EntryPoint","urlTemplate":"https:\/\/aulanosa.es\/?s={search_term_string}"},"query-input":"required name=search_term_string"}],"inLanguage":"es"},{"@type":"Organization","@id":"https:\/\/aulanosa.es\/#organization","name":"CPR Aula Nosa","url":"https:\/\/aulanosa.es\/","logo":{"@type":"ImageObject","inLanguage":"es","@id":"https:\/\/aulanosa.es\/#\/schema\/logo\/image\/","url":"https:\/\/aulanosa.es\/wp-content\/uploads\/2023\/12\/cropped-LOGOAN4-1.png","contentUrl":"https:\/\/aulanosa.es\/wp-content\/uploads\/2023\/12\/cropped-LOGOAN4-1.png","width":141,"height":90,"caption":"CPR Aula Nosa"},"image":{"@id":"https:\/\/aulanosa.es\/#\/schema\/logo\/image\/"}}]}},"_links":{"self":[{"href":"https:\/\/aulanosa.es\/index.php\/wp-json\/wp\/v2\/pages\/558"}],"collection":[{"href":"https:\/\/aulanosa.es\/index.php\/wp-json\/wp\/v2\/pages"}],"about":[{"href":"https:\/\/aulanosa.es\/index.php\/wp-json\/wp\/v2\/types\/page"}],"author":[{"embeddable":true,"href":"https:\/\/aulanosa.es\/index.php\/wp-json\/wp\/v2\/users\/1"}],"replies":[{"embeddable":true,"href":"https:\/\/aulanosa.es\/index.php\/wp-json\/wp\/v2\/comments?post=558"}],"version-history":[{"count":3,"href":"https:\/\/aulanosa.es\/index.php\/wp-json\/wp\/v2\/pages\/558\/revisions"}],"predecessor-version":[{"id":947,"href":"https:\/\/aulanosa.es\/index.php\/wp-json\/wp\/v2\/pages\/558\/revisions\/947"}],"wp:attachment":[{"href":"https:\/\/aulanosa.es\/index.php\/wp-json\/wp\/v2\/media?parent=558"}],"curies":[{"name":"wp","href":"https:\/\/api.w.org\/{rel}","templated":true}]}}