{"id":459,"date":"2019-06-13T12:43:16","date_gmt":"2019-06-13T10:43:16","guid":{"rendered":"http:\/\/aulanosa.es\/?page_id=459"},"modified":"2023-12-10T23:19:36","modified_gmt":"2023-12-10T22:19:36","slug":"daw","status":"publish","type":"page","link":"https:\/\/aulanosa.es\/index.php\/daw\/","title":{"rendered":"DESARROLLO DE APLICACIONES WEB"},"content":{"rendered":"<p><!--StartFragment--><\/p>\n<p><!--StartFragment--><\/p>\n<h3><span style=\"color: #0000ff;\">\u00bfQU\u00c9 T\u00cdTULO SE OBTIENE?<\/span><\/h3>\n<p><strong>T\u00e9cnico Superior en Desarrollo de\u00a0 Aplicaciones Web<br \/><\/strong><\/p>\n<h3><span style=\"color: #0000ff;\">\u00bfC\u00daAL ES SU DURACI\u00d3N?<\/span><\/h3>\n<p><strong>El curso consta de 2.000 horas, divididas en 2 a\u00f1os lectivos, de las cuales 384 horas son destinadas a la realizaci\u00f3n de las pr\u00e1cticas en empresas del sector.<\/strong><\/p>\n<h3><span style=\"color: #0000ff;\">\u00bfC\u00daAL ES EL HORARIO LECTIVO?<\/span><\/h3>\n<p><strong>De ma\u00f1ana, de 8:30 a 14:40 horas; de lunes a viernes.<\/strong><\/p>\n<h3><span style=\"color: #0000ff;\">REQUISITOS DE ACCESO<\/span><\/h3>\n<p><strong>Directamente con:<\/strong><\/p>\n<ul>\n<li>Estar en posesi\u00f3n del t\u00edtulo de Bachillerato o de un nivel acad\u00e9mico superior.<\/li>\n<li>Haber superado el segundo curso de cualquier modalidad de Bachillerato experimental<\/li>\n<li>Estar en posesi\u00f3n de un t\u00edtulo de T\u00e9cnico (Formaci\u00f3n Profesional de Grado Medio)<\/li>\n<\/ul>\n<p><strong>Mediante:<\/strong><\/p>\n<ul>\n<li>Haber superado la Prueba de Acceso a Ciclos Formativos de Grado Superior, para la cual se requiere tener al menos cumplidos los 19 a\u00f1os en el a\u00f1o de realizaci\u00f3n de la prueba.<\/li>\n<li>Haber superado la Prueba de Acceso a la Universidad para mayores de 25 a\u00f1os.<\/li>\n<\/ul>\n<h3>\u00a0<\/h3>\n<h3 style=\"text-align: center;\"><span style=\"color: #0000ff;\">DISTRIBUCI\u00d3N DE M\u00d3DULOS POR CURSO<\/span><\/h3>\n<p><img fetchpriority=\"high\" decoding=\"async\" class=\"wp-image-1082  aligncenter\" src=\"https:\/\/aulanosa.es\/wp-content\/uploads\/2023\/12\/daw-300x261.png\" alt=\"\" width=\"410\" height=\"357\" srcset=\"https:\/\/aulanosa.es\/wp-content\/uploads\/2023\/12\/daw-300x261.png 300w, https:\/\/aulanosa.es\/wp-content\/uploads\/2023\/12\/daw.png 547w\" sizes=\"(max-width: 410px) 100vw, 410px\" \/><\/p>\n<p style=\"text-align: left;\"><a href=\"https:\/\/www.edu.xunta.es\/fp\/ciclo\/SIFC03\" class=\"broken_link\"><span style=\"color: #0000ff;\">M\u00c1S INFORMACI\u00d3N SOBRE EL CICLO SUPERIOR EN DESARROLLO DE APLICACIONES WEB<\/span><\/a><\/p>\n\n\n<p class=\"has-text-align-center\"><\/p>\n\n\n<p><!--EndFragment--><\/p>","protected":false},"excerpt":{"rendered":"<p>\u00bfQU\u00c9 T\u00cdTULO SE OBTIENE? T\u00e9cnico Superior en Desarrollo de\u00a0 Aplicaciones Web \u00bfC\u00daAL ES SU DURACI\u00d3N? El curso consta de 2.000 horas, divididas en 2 a\u00f1os lectivos, de las cuales 384 horas son destinadas a la realizaci\u00f3n de las pr\u00e1cticas en empresas del sector. \u00bfC\u00daAL ES EL HORARIO LECTIVO? De ma\u00f1ana, de 8:30 a 14:40 horas; [&hellip;]<\/p>\n","protected":false},"author":1,"featured_media":977,"parent":0,"menu_order":0,"comment_status":"closed","ping_status":"closed","template":"","meta":{"footnotes":""},"yoast_head":"<!-- This site is optimized with the Yoast SEO plugin v21.6 - https:\/\/yoast.com\/wordpress\/plugins\/seo\/ -->\n<title>DESARROLLO DE APLICACIONES WEB - CPR Aula Nosa<\/title>\n<meta name=\"robots\" content=\"index, follow, max-snippet:-1, max-image-preview:large, max-video-preview:-1\" \/>\n<link rel=\"canonical\" href=\"https:\/\/aulanosa.es\/index.php\/daw\/\" \/>\n<meta property=\"og:locale\" content=\"es_ES\" \/>\n<meta property=\"og:type\" content=\"article\" \/>\n<meta property=\"og:title\" content=\"DESARROLLO DE APLICACIONES WEB - CPR Aula Nosa\" \/>\n<meta property=\"og:description\" content=\"\u00bfQU\u00c9 T\u00cdTULO SE OBTIENE? T\u00e9cnico Superior en Desarrollo de\u00a0 Aplicaciones Web \u00bfC\u00daAL ES SU DURACI\u00d3N? El curso consta de 2.000 horas, divididas en 2 a\u00f1os lectivos, de las cuales 384 horas son destinadas a la realizaci\u00f3n de las pr\u00e1cticas en empresas del sector. \u00bfC\u00daAL ES EL HORARIO LECTIVO? De ma\u00f1ana, de 8:30 a 14:40 horas; [&hellip;]\" \/>\n<meta property=\"og:url\" content=\"https:\/\/aulanosa.es\/index.php\/daw\/\" \/>\n<meta property=\"og:site_name\" content=\"CPR Aula Nosa\" \/>\n<meta property=\"article:modified_time\" content=\"2023-12-10T22:19:36+00:00\" \/>\n<meta property=\"og:image\" content=\"https:\/\/aulanosa.es\/wp-content\/uploads\/2023\/12\/7.png\" \/>\n\t<meta property=\"og:image:width\" content=\"940\" \/>\n\t<meta property=\"og:image:height\" content=\"788\" \/>\n\t<meta property=\"og:image:type\" content=\"image\/png\" \/>\n<meta name=\"twitter:card\" content=\"summary_large_image\" \/>\n<meta name=\"twitter:label1\" content=\"Tiempo de lectura\" \/>\n\t<meta name=\"twitter:data1\" content=\"1 minuto\" \/>\n<script type=\"application\/ld+json\" class=\"yoast-schema-graph\">{\"@context\":\"https:\/\/schema.org\",\"@graph\":[{\"@type\":\"WebPage\",\"@id\":\"https:\/\/aulanosa.es\/index.php\/daw\/\",\"url\":\"https:\/\/aulanosa.es\/index.php\/daw\/\",\"name\":\"DESARROLLO DE APLICACIONES WEB - CPR Aula Nosa\",\"isPartOf\":{\"@id\":\"https:\/\/aulanosa.es\/#website\"},\"datePublished\":\"2019-06-13T10:43:16+00:00\",\"dateModified\":\"2023-12-10T22:19:36+00:00\",\"breadcrumb\":{\"@id\":\"https:\/\/aulanosa.es\/index.php\/daw\/#breadcrumb\"},\"inLanguage\":\"es\",\"potentialAction\":[{\"@type\":\"ReadAction\",\"target\":[\"https:\/\/aulanosa.es\/index.php\/daw\/\"]}]},{\"@type\":\"BreadcrumbList\",\"@id\":\"https:\/\/aulanosa.es\/index.php\/daw\/#breadcrumb\",\"itemListElement\":[{\"@type\":\"ListItem\",\"position\":1,\"name\":\"Portada\",\"item\":\"https:\/\/aulanosa.es\/\"},{\"@type\":\"ListItem\",\"position\":2,\"name\":\"DESARROLLO DE APLICACIONES WEB\"}]},{\"@type\":\"WebSite\",\"@id\":\"https:\/\/aulanosa.es\/#website\",\"url\":\"https:\/\/aulanosa.es\/\",\"name\":\"CPR Aula Nosa\",\"description\":\"Centro de estudios privado - concertado\",\"publisher\":{\"@id\":\"https:\/\/aulanosa.es\/#organization\"},\"potentialAction\":[{\"@type\":\"SearchAction\",\"target\":{\"@type\":\"EntryPoint\",\"urlTemplate\":\"https:\/\/aulanosa.es\/?s={search_term_string}\"},\"query-input\":\"required name=search_term_string\"}],\"inLanguage\":\"es\"},{\"@type\":\"Organization\",\"@id\":\"https:\/\/aulanosa.es\/#organization\",\"name\":\"CPR Aula Nosa\",\"url\":\"https:\/\/aulanosa.es\/\",\"logo\":{\"@type\":\"ImageObject\",\"inLanguage\":\"es\",\"@id\":\"https:\/\/aulanosa.es\/#\/schema\/logo\/image\/\",\"url\":\"https:\/\/aulanosa.es\/wp-content\/uploads\/2023\/12\/cropped-LOGOAN4-1.png\",\"contentUrl\":\"https:\/\/aulanosa.es\/wp-content\/uploads\/2023\/12\/cropped-LOGOAN4-1.png\",\"width\":141,\"height\":90,\"caption\":\"CPR Aula Nosa\"},\"image\":{\"@id\":\"https:\/\/aulanosa.es\/#\/schema\/logo\/image\/\"}}]}<\/script>\n<!-- \/ Yoast SEO plugin. -->","yoast_head_json":{"title":"DESARROLLO DE APLICACIONES WEB - CPR Aula Nosa","robots":{"index":"index","follow":"follow","max-snippet":"max-snippet:-1","max-image-preview":"max-image-preview:large","max-video-preview":"max-video-preview:-1"},"canonical":"https:\/\/aulanosa.es\/index.php\/daw\/","og_locale":"es_ES","og_type":"article","og_title":"DESARROLLO DE APLICACIONES WEB - CPR Aula Nosa","og_description":"\u00bfQU\u00c9 T\u00cdTULO SE OBTIENE? T\u00e9cnico Superior en Desarrollo de\u00a0 Aplicaciones Web \u00bfC\u00daAL ES SU DURACI\u00d3N? El curso consta de 2.000 horas, divididas en 2 a\u00f1os lectivos, de las cuales 384 horas son destinadas a la realizaci\u00f3n de las pr\u00e1cticas en empresas del sector. \u00bfC\u00daAL ES EL HORARIO LECTIVO? De ma\u00f1ana, de 8:30 a 14:40 horas; [&hellip;]","og_url":"https:\/\/aulanosa.es\/index.php\/daw\/","og_site_name":"CPR Aula Nosa","article_modified_time":"2023-12-10T22:19:36+00:00","og_image":[{"width":940,"height":788,"url":"https:\/\/aulanosa.es\/wp-content\/uploads\/2023\/12\/7.png","type":"image\/png"}],"twitter_card":"summary_large_image","twitter_misc":{"Tiempo de lectura":"1 minuto"},"schema":{"@context":"https:\/\/schema.org","@graph":[{"@type":"WebPage","@id":"https:\/\/aulanosa.es\/index.php\/daw\/","url":"https:\/\/aulanosa.es\/index.php\/daw\/","name":"DESARROLLO DE APLICACIONES WEB - CPR Aula Nosa","isPartOf":{"@id":"https:\/\/aulanosa.es\/#website"},"datePublished":"2019-06-13T10:43:16+00:00","dateModified":"2023-12-10T22:19:36+00:00","breadcrumb":{"@id":"https:\/\/aulanosa.es\/index.php\/daw\/#breadcrumb"},"inLanguage":"es","potentialAction":[{"@type":"ReadAction","target":["https:\/\/aulanosa.es\/index.php\/daw\/"]}]},{"@type":"BreadcrumbList","@id":"https:\/\/aulanosa.es\/index.php\/daw\/#breadcrumb","itemListElement":[{"@type":"ListItem","position":1,"name":"Portada","item":"https:\/\/aulanosa.es\/"},{"@type":"ListItem","position":2,"name":"DESARROLLO DE APLICACIONES WEB"}]},{"@type":"WebSite","@id":"https:\/\/aulanosa.es\/#website","url":"https:\/\/aulanosa.es\/","name":"CPR Aula Nosa","description":"Centro de estudios privado - concertado","publisher":{"@id":"https:\/\/aulanosa.es\/#organization"},"potentialAction":[{"@type":"SearchAction","target":{"@type":"EntryPoint","urlTemplate":"https:\/\/aulanosa.es\/?s={search_term_string}"},"query-input":"required name=search_term_string"}],"inLanguage":"es"},{"@type":"Organization","@id":"https:\/\/aulanosa.es\/#organization","name":"CPR Aula Nosa","url":"https:\/\/aulanosa.es\/","logo":{"@type":"ImageObject","inLanguage":"es","@id":"https:\/\/aulanosa.es\/#\/schema\/logo\/image\/","url":"https:\/\/aulanosa.es\/wp-content\/uploads\/2023\/12\/cropped-LOGOAN4-1.png","contentUrl":"https:\/\/aulanosa.es\/wp-content\/uploads\/2023\/12\/cropped-LOGOAN4-1.png","width":141,"height":90,"caption":"CPR Aula Nosa"},"image":{"@id":"https:\/\/aulanosa.es\/#\/schema\/logo\/image\/"}}]}},"_links":{"self":[{"href":"https:\/\/aulanosa.es\/index.php\/wp-json\/wp\/v2\/pages\/459"}],"collection":[{"href":"https:\/\/aulanosa.es\/index.php\/wp-json\/wp\/v2\/pages"}],"about":[{"href":"https:\/\/aulanosa.es\/index.php\/wp-json\/wp\/v2\/types\/page"}],"author":[{"embeddable":true,"href":"https:\/\/aulanosa.es\/index.php\/wp-json\/wp\/v2\/users\/1"}],"replies":[{"embeddable":true,"href":"https:\/\/aulanosa.es\/index.php\/wp-json\/wp\/v2\/comments?post=459"}],"version-history":[{"count":5,"href":"https:\/\/aulanosa.es\/index.php\/wp-json\/wp\/v2\/pages\/459\/revisions"}],"predecessor-version":[{"id":1085,"href":"https:\/\/aulanosa.es\/index.php\/wp-json\/wp\/v2\/pages\/459\/revisions\/1085"}],"wp:featuredmedia":[{"embeddable":true,"href":"https:\/\/aulanosa.es\/index.php\/wp-json\/wp\/v2\/media\/977"}],"wp:attachment":[{"href":"https:\/\/aulanosa.es\/index.php\/wp-json\/wp\/v2\/media?parent=459"}],"curies":[{"name":"wp","href":"https:\/\/api.w.org\/{rel}","templated":true}]}}