{"id":441,"date":"2019-06-13T11:15:53","date_gmt":"2019-06-13T09:15:53","guid":{"rendered":"http:\/\/aulanosa.es\/?page_id=441"},"modified":"2023-12-10T22:11:48","modified_gmt":"2023-12-10T21:11:48","slug":"esa","status":"publish","type":"page","link":"https:\/\/aulanosa.es\/index.php\/esa\/","title":{"rendered":"EDUCACI\u00d3N SECUNDARIA DE ADULTOS"},"content":{"rendered":"<h2 style=\"text-align: center;\">GRADUADO EN EDUCACI\u00d3N SECUNDARIA (E.S.A.)<br \/><!--StartFragment--><\/h2>\n<hr \/>\n<h3><span style=\"color: #0000ff;\">\u00bfQUI\u00c9N PUEDE ASISTIR?<\/span><\/h3>\n<ul>\n<li>Personas mayores de 18 a\u00f1os, o que cumplan dicha edad en el a\u00f1o natural en el que se comienza el curso.<\/li>\n<li>Menores de 18 a\u00f1os con contrato laboral<\/li>\n<\/ul>\n<h3><span style=\"color: #0000ff;\">\u00bfC\u00daAL ES LA DURACI\u00d3N DE UN CURSO EN LA E.S.A.?<\/span><\/h3>\n<p><strong>Cuatro meses y medio:<\/strong> De septiembre a enero y de febrero a junio. <strong><br \/><\/strong><\/p>\n<p>Se puede, por lo tanto, realizar dos cursos en un mismo a\u00f1o acad\u00e9mico.<\/p>\n<h3><span style=\"color: #0000ff;\">\u00bfHAY ALGUNA DIFERENCIA DE TITULACI\u00d3N ENTRE E.S.O. Y E.S.A.?<\/span><\/h3>\n<p><strong>NO. Simplemente, la E.S.O. es la educaci\u00f3n obligatoria hasta los 16 a\u00f1os y la E.S.A. va dirigida a alumnos mayores de 17 a\u00f1os. <br \/><\/strong><\/p>\n<h3><span style=\"color: #0000ff;\">\u00bfQU\u00c9 CAMINO PUEDO SEGUIR DESPU\u00c9S DE LA E.S.A.?<\/span><\/h3>\n<ul>\n<li>Acceso directo a Formaci\u00f3n Profesional de Ciclo Medio<\/li>\n<li>Acceso directo a Bachillerato<\/li>\n<li>Acceso al mundo laboral<\/li>\n<\/ul>\n<h3><span style=\"color: #0000ff;\">\u00bfQU\u00c9 DOCUMENTACI\u00d3N NECESITO PRESENTAR?<\/span><\/h3>\n<ul>\n<li>Fotocopia del DNI<\/li>\n<li>3 fotograf\u00edas \u00abtama\u00f1o carnet\u00bb<\/li>\n<li>Justificante de los estudios realizados<\/li>\n<\/ul>\n<h3><span style=\"color: #0000ff;\">\u00bfCU\u00c1NDO FORMALIZO LA MATR\u00cdCULA?<\/span><\/h3>\n<p><strong>Se puede formalizar durante todo el a\u00f1o<\/strong><\/p>\n<h3>\u00a0<\/h3>\n<h3 style=\"text-align: center;\"><span style=\"color: #0000ff;\">\u00a0<\/span><\/h3>\n\n\n<p><\/p>\n\n\n<p><!--EndFragment--><\/p>","protected":false},"excerpt":{"rendered":"<p>Graduado en Educaci\u00f3n Secundaria para Adultos (E.S.A.)<\/p>\n","protected":false},"author":1,"featured_media":364,"parent":0,"menu_order":0,"comment_status":"closed","ping_status":"closed","template":"","meta":{"footnotes":""},"yoast_head":"<!-- This site is optimized with the Yoast SEO plugin v21.6 - https:\/\/yoast.com\/wordpress\/plugins\/seo\/ -->\n<title>EDUCACI\u00d3N SECUNDARIA DE ADULTOS - CPR Aula Nosa<\/title>\n<meta name=\"robots\" content=\"index, follow, max-snippet:-1, max-image-preview:large, max-video-preview:-1\" \/>\n<link rel=\"canonical\" href=\"https:\/\/aulanosa.es\/index.php\/esa\/\" \/>\n<meta property=\"og:locale\" content=\"es_ES\" \/>\n<meta property=\"og:type\" content=\"article\" \/>\n<meta property=\"og:title\" content=\"EDUCACI\u00d3N SECUNDARIA DE ADULTOS - CPR Aula Nosa\" \/>\n<meta property=\"og:description\" content=\"Graduado en Educaci\u00f3n Secundaria para Adultos (E.S.A.)\" \/>\n<meta property=\"og:url\" content=\"https:\/\/aulanosa.es\/index.php\/esa\/\" \/>\n<meta property=\"og:site_name\" content=\"CPR Aula Nosa\" \/>\n<meta property=\"article:modified_time\" content=\"2023-12-10T21:11:48+00:00\" \/>\n<meta property=\"og:image\" content=\"https:\/\/aulanosa.es\/wp-content\/uploads\/2019\/05\/banner_19.png\" \/>\n\t<meta property=\"og:image:width\" content=\"940\" \/>\n\t<meta property=\"og:image:height\" content=\"788\" \/>\n\t<meta property=\"og:image:type\" content=\"image\/png\" \/>\n<meta name=\"twitter:card\" content=\"summary_large_image\" \/>\n<meta name=\"twitter:label1\" content=\"Tiempo de lectura\" \/>\n\t<meta name=\"twitter:data1\" content=\"1 minuto\" \/>\n<script type=\"application\/ld+json\" class=\"yoast-schema-graph\">{\"@context\":\"https:\/\/schema.org\",\"@graph\":[{\"@type\":\"WebPage\",\"@id\":\"https:\/\/aulanosa.es\/index.php\/esa\/\",\"url\":\"https:\/\/aulanosa.es\/index.php\/esa\/\",\"name\":\"EDUCACI\u00d3N SECUNDARIA DE ADULTOS - CPR Aula Nosa\",\"isPartOf\":{\"@id\":\"https:\/\/aulanosa.es\/#website\"},\"datePublished\":\"2019-06-13T09:15:53+00:00\",\"dateModified\":\"2023-12-10T21:11:48+00:00\",\"breadcrumb\":{\"@id\":\"https:\/\/aulanosa.es\/index.php\/esa\/#breadcrumb\"},\"inLanguage\":\"es\",\"potentialAction\":[{\"@type\":\"ReadAction\",\"target\":[\"https:\/\/aulanosa.es\/index.php\/esa\/\"]}]},{\"@type\":\"BreadcrumbList\",\"@id\":\"https:\/\/aulanosa.es\/index.php\/esa\/#breadcrumb\",\"itemListElement\":[{\"@type\":\"ListItem\",\"position\":1,\"name\":\"Portada\",\"item\":\"https:\/\/aulanosa.es\/\"},{\"@type\":\"ListItem\",\"position\":2,\"name\":\"EDUCACI\u00d3N SECUNDARIA DE ADULTOS\"}]},{\"@type\":\"WebSite\",\"@id\":\"https:\/\/aulanosa.es\/#website\",\"url\":\"https:\/\/aulanosa.es\/\",\"name\":\"CPR Aula Nosa\",\"description\":\"Centro de estudios privado - concertado\",\"publisher\":{\"@id\":\"https:\/\/aulanosa.es\/#organization\"},\"potentialAction\":[{\"@type\":\"SearchAction\",\"target\":{\"@type\":\"EntryPoint\",\"urlTemplate\":\"https:\/\/aulanosa.es\/?s={search_term_string}\"},\"query-input\":\"required name=search_term_string\"}],\"inLanguage\":\"es\"},{\"@type\":\"Organization\",\"@id\":\"https:\/\/aulanosa.es\/#organization\",\"name\":\"CPR Aula Nosa\",\"url\":\"https:\/\/aulanosa.es\/\",\"logo\":{\"@type\":\"ImageObject\",\"inLanguage\":\"es\",\"@id\":\"https:\/\/aulanosa.es\/#\/schema\/logo\/image\/\",\"url\":\"https:\/\/aulanosa.es\/wp-content\/uploads\/2023\/12\/cropped-LOGOAN4-1.png\",\"contentUrl\":\"https:\/\/aulanosa.es\/wp-content\/uploads\/2023\/12\/cropped-LOGOAN4-1.png\",\"width\":141,\"height\":90,\"caption\":\"CPR Aula Nosa\"},\"image\":{\"@id\":\"https:\/\/aulanosa.es\/#\/schema\/logo\/image\/\"}}]}<\/script>\n<!-- \/ Yoast SEO plugin. -->","yoast_head_json":{"title":"EDUCACI\u00d3N SECUNDARIA DE ADULTOS - CPR Aula Nosa","robots":{"index":"index","follow":"follow","max-snippet":"max-snippet:-1","max-image-preview":"max-image-preview:large","max-video-preview":"max-video-preview:-1"},"canonical":"https:\/\/aulanosa.es\/index.php\/esa\/","og_locale":"es_ES","og_type":"article","og_title":"EDUCACI\u00d3N SECUNDARIA DE ADULTOS - CPR Aula Nosa","og_description":"Graduado en Educaci\u00f3n Secundaria para Adultos (E.S.A.)","og_url":"https:\/\/aulanosa.es\/index.php\/esa\/","og_site_name":"CPR Aula Nosa","article_modified_time":"2023-12-10T21:11:48+00:00","og_image":[{"width":940,"height":788,"url":"https:\/\/aulanosa.es\/wp-content\/uploads\/2019\/05\/banner_19.png","type":"image\/png"}],"twitter_card":"summary_large_image","twitter_misc":{"Tiempo de lectura":"1 minuto"},"schema":{"@context":"https:\/\/schema.org","@graph":[{"@type":"WebPage","@id":"https:\/\/aulanosa.es\/index.php\/esa\/","url":"https:\/\/aulanosa.es\/index.php\/esa\/","name":"EDUCACI\u00d3N SECUNDARIA DE ADULTOS - CPR Aula Nosa","isPartOf":{"@id":"https:\/\/aulanosa.es\/#website"},"datePublished":"2019-06-13T09:15:53+00:00","dateModified":"2023-12-10T21:11:48+00:00","breadcrumb":{"@id":"https:\/\/aulanosa.es\/index.php\/esa\/#breadcrumb"},"inLanguage":"es","potentialAction":[{"@type":"ReadAction","target":["https:\/\/aulanosa.es\/index.php\/esa\/"]}]},{"@type":"BreadcrumbList","@id":"https:\/\/aulanosa.es\/index.php\/esa\/#breadcrumb","itemListElement":[{"@type":"ListItem","position":1,"name":"Portada","item":"https:\/\/aulanosa.es\/"},{"@type":"ListItem","position":2,"name":"EDUCACI\u00d3N SECUNDARIA DE ADULTOS"}]},{"@type":"WebSite","@id":"https:\/\/aulanosa.es\/#website","url":"https:\/\/aulanosa.es\/","name":"CPR Aula Nosa","description":"Centro de estudios privado - concertado","publisher":{"@id":"https:\/\/aulanosa.es\/#organization"},"potentialAction":[{"@type":"SearchAction","target":{"@type":"EntryPoint","urlTemplate":"https:\/\/aulanosa.es\/?s={search_term_string}"},"query-input":"required name=search_term_string"}],"inLanguage":"es"},{"@type":"Organization","@id":"https:\/\/aulanosa.es\/#organization","name":"CPR Aula Nosa","url":"https:\/\/aulanosa.es\/","logo":{"@type":"ImageObject","inLanguage":"es","@id":"https:\/\/aulanosa.es\/#\/schema\/logo\/image\/","url":"https:\/\/aulanosa.es\/wp-content\/uploads\/2023\/12\/cropped-LOGOAN4-1.png","contentUrl":"https:\/\/aulanosa.es\/wp-content\/uploads\/2023\/12\/cropped-LOGOAN4-1.png","width":141,"height":90,"caption":"CPR Aula Nosa"},"image":{"@id":"https:\/\/aulanosa.es\/#\/schema\/logo\/image\/"}}]}},"_links":{"self":[{"href":"https:\/\/aulanosa.es\/index.php\/wp-json\/wp\/v2\/pages\/441"}],"collection":[{"href":"https:\/\/aulanosa.es\/index.php\/wp-json\/wp\/v2\/pages"}],"about":[{"href":"https:\/\/aulanosa.es\/index.php\/wp-json\/wp\/v2\/types\/page"}],"author":[{"embeddable":true,"href":"https:\/\/aulanosa.es\/index.php\/wp-json\/wp\/v2\/users\/1"}],"replies":[{"embeddable":true,"href":"https:\/\/aulanosa.es\/index.php\/wp-json\/wp\/v2\/comments?post=441"}],"version-history":[{"count":5,"href":"https:\/\/aulanosa.es\/index.php\/wp-json\/wp\/v2\/pages\/441\/revisions"}],"predecessor-version":[{"id":1019,"href":"https:\/\/aulanosa.es\/index.php\/wp-json\/wp\/v2\/pages\/441\/revisions\/1019"}],"wp:featuredmedia":[{"embeddable":true,"href":"https:\/\/aulanosa.es\/index.php\/wp-json\/wp\/v2\/media\/364"}],"wp:attachment":[{"href":"https:\/\/aulanosa.es\/index.php\/wp-json\/wp\/v2\/media?parent=441"}],"curies":[{"name":"wp","href":"https:\/\/api.w.org\/{rel}","templated":true}]}}