{"id":323,"date":"2018-04-25T12:23:37","date_gmt":"2018-04-25T10:23:37","guid":{"rendered":"http:\/\/demo.acmethemes.com\/construction-field\/?page_id=308"},"modified":"2023-12-16T19:42:40","modified_gmt":"2023-12-16T18:42:40","slug":"smr","status":"publish","type":"page","link":"https:\/\/aulanosa.es\/index.php\/smr\/","title":{"rendered":"SISTEMAS MICROINFORM\u00c1TICOS Y REDES"},"content":{"rendered":"<h3><span style=\"color: #0000ff;\">\u00bfQU\u00c9 T\u00cdTULO SE OBTIENE?<\/span><\/h3>\n<p><strong>T\u00e9cnico de Sistemas Microinform\u00e1ticos y Redes.<\/strong><\/p>\n<h3><span style=\"color: #0000ff;\">\u00bfC\u00daAL ES SU DURACI\u00d3N?<\/span><\/h3>\n<p><strong>El curso consta de 2.000 horas, divididas en 2 a\u00f1os lectivos, de las cuales 410 horas son destinadas a la realizaci\u00f3n de las pr\u00e1cticas en empresas del sector.<\/strong><\/p>\n<h3><span style=\"color: #0000ff;\">\u00bfC\u00daAL ES EL HORARIO LECTIVO?<\/span><\/h3>\n<p><strong>De ma\u00f1ana, de 8:30 a 14:40 horas; de lunes a viernes.<\/strong><\/p>\n<h3><span style=\"color: #0000ff;\">REQUISITOS DE ACCESO<\/span><\/h3>\n<p><strong>Directamente con:<\/strong><\/p>\n<ul>\n<li>Estar en posesi\u00f3n del t\u00edtulo de Graduado en Educaci\u00f3n Secuandaria Obligatoria o de un nivel acad\u00e9mico superior.<\/li>\n<li>Estar en posesi\u00f3n del t\u00edtulo de Formaci\u00f3n Profesional B\u00e1sica<\/li>\n<li>Estar en posesi\u00f3n de un t\u00edtulo de T\u00e9cnico o de T\u00e9cnico Auxiliar o equivalente a efectos acad\u00e9micos.<\/li>\n<\/ul>\n<p><strong>Mediante:<\/strong><\/p>\n<ul>\n<li>Haber superado la Prueba de Acceso a Ciclos Formativos de Grado Medio, para la cual se requiere tener al menos cumplidos los 17 a\u00f1os en el a\u00f1o de realizaci\u00f3n de la prueba.<\/li>\n<li>Haber superado la Prueba de Acceso a la Universidad para mayores de 25 a\u00f1os.<\/li>\n<\/ul>\n<h3>\u00a0<\/h3>\n<h3 style=\"text-align: center;\"><span style=\"color: #0000ff;\">DISTRIBUCI\u00d3N DE M\u00d3DULOS POR CURSO<\/span><\/h3>\n<p><span style=\"color: #0000ff;\"><a style=\"color: #0000ff;\" href=\"https:\/\/www.edu.xunta.gal\/fp\/ciclo\/MIFC01\" class=\"broken_link\"><img fetchpriority=\"high\" decoding=\"async\" class=\"wp-image-1074  aligncenter\" src=\"https:\/\/aulanosa.es\/wp-content\/uploads\/2023\/12\/smr-300x256.png\" alt=\"\" width=\"447\" height=\"382\" srcset=\"https:\/\/aulanosa.es\/wp-content\/uploads\/2023\/12\/smr-300x256.png 300w, https:\/\/aulanosa.es\/wp-content\/uploads\/2023\/12\/smr.png 487w\" sizes=\"(max-width: 447px) 100vw, 447px\" \/><\/a><\/span><\/p>\n<h4 style=\"text-align: center;\"><a href=\"https:\/\/www.edu.xunta.gal\/fp\/ciclo\/MIFC01\" class=\"broken_link\"><span style=\"color: #0000ff;\">M\u00c1S INFORMACI\u00d3N SOBRE EL CICLO MEDIO SISTEMAS MICROINFORM\u00c1TICOS Y REDES<\/span><\/a><\/h4>\n\n\n<p class=\"has-text-align-center\"><\/p>\n","protected":false},"excerpt":{"rendered":"<p>T\u00e9cnico en Sistemas Microinform\u00e1ticos y Redes<\/p>\n","protected":false},"author":1,"featured_media":981,"parent":0,"menu_order":0,"comment_status":"closed","ping_status":"closed","template":"","meta":{"footnotes":""},"yoast_head":"<!-- This site is optimized with the Yoast SEO plugin v21.6 - https:\/\/yoast.com\/wordpress\/plugins\/seo\/ -->\n<title>SISTEMAS MICROINFORM\u00c1TICOS Y REDES - CPR Aula Nosa<\/title>\n<meta name=\"robots\" content=\"index, follow, max-snippet:-1, max-image-preview:large, max-video-preview:-1\" \/>\n<link rel=\"canonical\" href=\"https:\/\/aulanosa.es\/index.php\/smr\/\" \/>\n<meta property=\"og:locale\" content=\"es_ES\" \/>\n<meta property=\"og:type\" content=\"article\" \/>\n<meta property=\"og:title\" content=\"SISTEMAS MICROINFORM\u00c1TICOS Y REDES - CPR Aula Nosa\" \/>\n<meta property=\"og:description\" content=\"T\u00e9cnico en Sistemas Microinform\u00e1ticos y Redes\" \/>\n<meta property=\"og:url\" content=\"https:\/\/aulanosa.es\/index.php\/smr\/\" \/>\n<meta property=\"og:site_name\" content=\"CPR Aula Nosa\" \/>\n<meta property=\"article:modified_time\" content=\"2023-12-16T18:42:40+00:00\" \/>\n<meta property=\"og:image\" content=\"https:\/\/aulanosa.es\/wp-content\/uploads\/2023\/12\/11.png\" \/>\n\t<meta property=\"og:image:width\" content=\"940\" \/>\n\t<meta property=\"og:image:height\" content=\"788\" \/>\n\t<meta property=\"og:image:type\" content=\"image\/png\" \/>\n<meta name=\"twitter:card\" content=\"summary_large_image\" \/>\n<meta name=\"twitter:label1\" content=\"Tiempo de lectura\" \/>\n\t<meta name=\"twitter:data1\" content=\"1 minuto\" \/>\n<script type=\"application\/ld+json\" class=\"yoast-schema-graph\">{\"@context\":\"https:\/\/schema.org\",\"@graph\":[{\"@type\":\"WebPage\",\"@id\":\"https:\/\/aulanosa.es\/index.php\/smr\/\",\"url\":\"https:\/\/aulanosa.es\/index.php\/smr\/\",\"name\":\"SISTEMAS MICROINFORM\u00c1TICOS Y REDES - CPR Aula Nosa\",\"isPartOf\":{\"@id\":\"https:\/\/aulanosa.es\/#website\"},\"datePublished\":\"2018-04-25T10:23:37+00:00\",\"dateModified\":\"2023-12-16T18:42:40+00:00\",\"breadcrumb\":{\"@id\":\"https:\/\/aulanosa.es\/index.php\/smr\/#breadcrumb\"},\"inLanguage\":\"es\",\"potentialAction\":[{\"@type\":\"ReadAction\",\"target\":[\"https:\/\/aulanosa.es\/index.php\/smr\/\"]}]},{\"@type\":\"BreadcrumbList\",\"@id\":\"https:\/\/aulanosa.es\/index.php\/smr\/#breadcrumb\",\"itemListElement\":[{\"@type\":\"ListItem\",\"position\":1,\"name\":\"Portada\",\"item\":\"https:\/\/aulanosa.es\/\"},{\"@type\":\"ListItem\",\"position\":2,\"name\":\"SISTEMAS MICROINFORM\u00c1TICOS Y REDES\"}]},{\"@type\":\"WebSite\",\"@id\":\"https:\/\/aulanosa.es\/#website\",\"url\":\"https:\/\/aulanosa.es\/\",\"name\":\"CPR Aula Nosa\",\"description\":\"Centro de estudios privado - concertado\",\"publisher\":{\"@id\":\"https:\/\/aulanosa.es\/#organization\"},\"potentialAction\":[{\"@type\":\"SearchAction\",\"target\":{\"@type\":\"EntryPoint\",\"urlTemplate\":\"https:\/\/aulanosa.es\/?s={search_term_string}\"},\"query-input\":\"required name=search_term_string\"}],\"inLanguage\":\"es\"},{\"@type\":\"Organization\",\"@id\":\"https:\/\/aulanosa.es\/#organization\",\"name\":\"CPR Aula Nosa\",\"url\":\"https:\/\/aulanosa.es\/\",\"logo\":{\"@type\":\"ImageObject\",\"inLanguage\":\"es\",\"@id\":\"https:\/\/aulanosa.es\/#\/schema\/logo\/image\/\",\"url\":\"https:\/\/aulanosa.es\/wp-content\/uploads\/2023\/12\/cropped-LOGOAN4-1.png\",\"contentUrl\":\"https:\/\/aulanosa.es\/wp-content\/uploads\/2023\/12\/cropped-LOGOAN4-1.png\",\"width\":141,\"height\":90,\"caption\":\"CPR Aula Nosa\"},\"image\":{\"@id\":\"https:\/\/aulanosa.es\/#\/schema\/logo\/image\/\"}}]}<\/script>\n<!-- \/ Yoast SEO plugin. -->","yoast_head_json":{"title":"SISTEMAS MICROINFORM\u00c1TICOS Y REDES - CPR Aula Nosa","robots":{"index":"index","follow":"follow","max-snippet":"max-snippet:-1","max-image-preview":"max-image-preview:large","max-video-preview":"max-video-preview:-1"},"canonical":"https:\/\/aulanosa.es\/index.php\/smr\/","og_locale":"es_ES","og_type":"article","og_title":"SISTEMAS MICROINFORM\u00c1TICOS Y REDES - CPR Aula Nosa","og_description":"T\u00e9cnico en Sistemas Microinform\u00e1ticos y Redes","og_url":"https:\/\/aulanosa.es\/index.php\/smr\/","og_site_name":"CPR Aula Nosa","article_modified_time":"2023-12-16T18:42:40+00:00","og_image":[{"width":940,"height":788,"url":"https:\/\/aulanosa.es\/wp-content\/uploads\/2023\/12\/11.png","type":"image\/png"}],"twitter_card":"summary_large_image","twitter_misc":{"Tiempo de lectura":"1 minuto"},"schema":{"@context":"https:\/\/schema.org","@graph":[{"@type":"WebPage","@id":"https:\/\/aulanosa.es\/index.php\/smr\/","url":"https:\/\/aulanosa.es\/index.php\/smr\/","name":"SISTEMAS MICROINFORM\u00c1TICOS Y REDES - CPR Aula Nosa","isPartOf":{"@id":"https:\/\/aulanosa.es\/#website"},"datePublished":"2018-04-25T10:23:37+00:00","dateModified":"2023-12-16T18:42:40+00:00","breadcrumb":{"@id":"https:\/\/aulanosa.es\/index.php\/smr\/#breadcrumb"},"inLanguage":"es","potentialAction":[{"@type":"ReadAction","target":["https:\/\/aulanosa.es\/index.php\/smr\/"]}]},{"@type":"BreadcrumbList","@id":"https:\/\/aulanosa.es\/index.php\/smr\/#breadcrumb","itemListElement":[{"@type":"ListItem","position":1,"name":"Portada","item":"https:\/\/aulanosa.es\/"},{"@type":"ListItem","position":2,"name":"SISTEMAS MICROINFORM\u00c1TICOS Y REDES"}]},{"@type":"WebSite","@id":"https:\/\/aulanosa.es\/#website","url":"https:\/\/aulanosa.es\/","name":"CPR Aula Nosa","description":"Centro de estudios privado - concertado","publisher":{"@id":"https:\/\/aulanosa.es\/#organization"},"potentialAction":[{"@type":"SearchAction","target":{"@type":"EntryPoint","urlTemplate":"https:\/\/aulanosa.es\/?s={search_term_string}"},"query-input":"required name=search_term_string"}],"inLanguage":"es"},{"@type":"Organization","@id":"https:\/\/aulanosa.es\/#organization","name":"CPR Aula Nosa","url":"https:\/\/aulanosa.es\/","logo":{"@type":"ImageObject","inLanguage":"es","@id":"https:\/\/aulanosa.es\/#\/schema\/logo\/image\/","url":"https:\/\/aulanosa.es\/wp-content\/uploads\/2023\/12\/cropped-LOGOAN4-1.png","contentUrl":"https:\/\/aulanosa.es\/wp-content\/uploads\/2023\/12\/cropped-LOGOAN4-1.png","width":141,"height":90,"caption":"CPR Aula Nosa"},"image":{"@id":"https:\/\/aulanosa.es\/#\/schema\/logo\/image\/"}}]}},"_links":{"self":[{"href":"https:\/\/aulanosa.es\/index.php\/wp-json\/wp\/v2\/pages\/323"}],"collection":[{"href":"https:\/\/aulanosa.es\/index.php\/wp-json\/wp\/v2\/pages"}],"about":[{"href":"https:\/\/aulanosa.es\/index.php\/wp-json\/wp\/v2\/types\/page"}],"author":[{"embeddable":true,"href":"https:\/\/aulanosa.es\/index.php\/wp-json\/wp\/v2\/users\/1"}],"replies":[{"embeddable":true,"href":"https:\/\/aulanosa.es\/index.php\/wp-json\/wp\/v2\/comments?post=323"}],"version-history":[{"count":9,"href":"https:\/\/aulanosa.es\/index.php\/wp-json\/wp\/v2\/pages\/323\/revisions"}],"predecessor-version":[{"id":1095,"href":"https:\/\/aulanosa.es\/index.php\/wp-json\/wp\/v2\/pages\/323\/revisions\/1095"}],"wp:featuredmedia":[{"embeddable":true,"href":"https:\/\/aulanosa.es\/index.php\/wp-json\/wp\/v2\/media\/981"}],"wp:attachment":[{"href":"https:\/\/aulanosa.es\/index.php\/wp-json\/wp\/v2\/media?parent=323"}],"curies":[{"name":"wp","href":"https:\/\/api.w.org\/{rel}","templated":true}]}}