{"id":25,"date":"2018-04-24T08:31:20","date_gmt":"2018-04-24T08:31:20","guid":{"rendered":"http:\/\/demo.acmethemes.com\/construction-field-pro\/?page_id=25"},"modified":"2019-06-23T16:53:02","modified_gmt":"2019-06-23T14:53:02","slug":"nosotros","status":"publish","type":"page","link":"https:\/\/aulanosa.es\/index.php\/nosotros\/","title":{"rendered":"SOBRE NOSOTROS"},"content":{"rendered":"<h2 style=\"text-align: center;\">\u00bfQUI\u00c9NES SOMOS?<\/h2>\n<p style=\"padding-left: 40px;\">Somos un Centro de Educaci\u00f3n Privado &#8211; Concertado situado en Monasterio de Caaveiro 1, en A Coru\u00f1a.<\/p>\n<p style=\"padding-left: 40px;\">Fundado por nuestra actual directora, Margarita Paletta Linares, en el a\u00f1o 1987, comenzamos siendo un centro de clases de apoyo extraescolar para convertirnos hoy en d\u00eda en lo que somos: un centro de ense\u00f1anza referencia en ciclos de formaci\u00f3n profesional y educaci\u00f3n secundaria para adultos. Actualmente contamos con cinco titulaciones oficiales y otras muchas actividades formativas y educativas.<\/p>\n<p>\u00a0<\/p>\n\n\n<div class=\"wp-block-image\"><figure class=\"aligncenter\"><img fetchpriority=\"high\" decoding=\"async\" width=\"1024\" height=\"166\" src=\"http:\/\/aulanosa.es\/wp-content\/uploads\/2019\/06\/fachada-1024x166.png\" alt=\"\" class=\"wp-image-413\" srcset=\"https:\/\/aulanosa.es\/wp-content\/uploads\/2019\/06\/fachada-1024x166.png 1024w, https:\/\/aulanosa.es\/wp-content\/uploads\/2019\/06\/fachada-300x49.png 300w, https:\/\/aulanosa.es\/wp-content\/uploads\/2019\/06\/fachada-768x125.png 768w, https:\/\/aulanosa.es\/wp-content\/uploads\/2019\/06\/fachada.png 1498w\" sizes=\"(max-width: 1024px) 100vw, 1024px\" \/><\/figure><\/div>\n\n\n\n<h2 class=\"wp-block-heading\" style=\"text-align:center\">El centro<\/h2>\n\n\n<p style=\"padding-left: 40px;\">Nuestro centro est\u00e1 perfectamente equipado para el correcto desarrollo del proceso de ense\u00f1anza &#8211; aprendizaje.&nbsp; Contamos especialmente con:<\/p>\n<ul>\n<li style=\"list-style-type: none;\">\n<ul>\n<li>6 aulas de inform\u00e1tica totalmente equipadas y actualizadas, con una estaci\u00f3n de trabajo de \u00faltima generaci\u00f3n a disposici\u00f3n de cada alumno\/a.<\/li>\n<li>6 aulas de teor\u00eda, incluida una de gran tama\u00f1o para realizar clases magistrales o exposiciones.<\/li>\n<li>Un taller de inform\u00e1tica con todo tipo de herramientas, piezas y complementos para llevar a cabo de una manera profesional y profunda las actividades pr\u00e1cticas de Formaci\u00f3n Profesional.<\/li>\n<\/ul>\n<\/li>\n<\/ul>\n\n\n<ul class=\"wp-block-gallery aligncenter columns-2 is-cropped wp-block-gallery-2 is-layout-flex wp-block-gallery-is-layout-flex\"><li class=\"blocks-gallery-item\"><figure><img decoding=\"async\" width=\"1024\" height=\"623\" src=\"http:\/\/aulanosa.es\/wp-content\/uploads\/2019\/06\/taller-1-1024x623.jpg\" alt=\"\" data-id=\"466\" data-link=\"http:\/\/aulanosa.es\/index.php\/nosotros\/taller-1\/\" class=\"wp-image-466\" srcset=\"https:\/\/aulanosa.es\/wp-content\/uploads\/2019\/06\/taller-1-1024x623.jpg 1024w, https:\/\/aulanosa.es\/wp-content\/uploads\/2019\/06\/taller-1-300x182.jpg 300w, https:\/\/aulanosa.es\/wp-content\/uploads\/2019\/06\/taller-1-768x467.jpg 768w\" sizes=\"(max-width: 1024px) 100vw, 1024px\" \/><figcaption>Taller de inform\u00e1tica<\/figcaption><\/figure><\/li><li class=\"blocks-gallery-item\"><figure><img decoding=\"async\" width=\"1024\" height=\"525\" src=\"http:\/\/aulanosa.es\/wp-content\/uploads\/2019\/06\/aulaInformatica-1024x525.jpg\" alt=\"\" data-id=\"414\" data-link=\"http:\/\/aulanosa.es\/index.php\/nosotros\/aulainformatica\/\" class=\"wp-image-414\" srcset=\"https:\/\/aulanosa.es\/wp-content\/uploads\/2019\/06\/aulaInformatica-1024x525.jpg 1024w, https:\/\/aulanosa.es\/wp-content\/uploads\/2019\/06\/aulaInformatica-300x154.jpg 300w, https:\/\/aulanosa.es\/wp-content\/uploads\/2019\/06\/aulaInformatica-768x393.jpg 768w, https:\/\/aulanosa.es\/wp-content\/uploads\/2019\/06\/aulaInformatica.jpg 2040w\" sizes=\"(max-width: 1024px) 100vw, 1024px\" \/><figcaption>Aula de inform\u00e1tica<\/figcaption><\/figure><\/li><\/ul>\n\n\n\n<h2 class=\"wp-block-heading\" style=\"text-align:center\">Oferta formativa<\/h2>\n\n\n<p style=\"padding-left: 40px;\">El pilar fundamental de nuestra oferta es la rama de Inform\u00e1tica y Comunicaciones. As\u00ed lo decidimos por dos razones fundamentales: por un lado por la amplia salida profesional que tienen hoy en d\u00eda; y por otro lado porque somos un centro tecnol\u00f3gico, amante de las nuevas tecnolog\u00edas y en constante evoluci\u00f3n y crecimiento.<\/p>\n<p style=\"padding-left: 40px;\">As\u00ed pues, contamos con:<\/p>\n<ul>\n<li style=\"list-style-type: none;\">\n<ul>\n<li><a href=\"http:\/\/aulanosa.es\/index.php\/fpb\" data-rich-text-format-boundary=\"true\">FP B\u00e1sica de Inform\u00e1tica de Oficina<\/a><\/li>\n<li><a href=\"http:\/\/aulanosa.es\/index.php\/smr\" data-rich-text-format-boundary=\"true\">Ciclo Medio de Sistemas Microinform\u00e1ticos y Redes<\/a><\/li>\n<li><a href=\"http:\/\/aulanosa.es\/index.php\/dam\" data-rich-text-format-boundary=\"true\">Ciclo Superior en Desarrollo de Aplicaciones Multiplataforma<\/a><\/li>\n<li><a href=\"http:\/\/aulanosa.es\/index.php\/daw\" data-rich-text-format-boundary=\"true\">Ciclo Superior en Desarrollo de Aplicaciones Web<\/a><\/li>\n<\/ul>\n<\/li>\n<\/ul>\n<p style=\"padding-left: 40px;\">\u00a0<\/p>\n<p style=\"padding-left: 40px;\">Adem\u00e1s, otra de las grandes ofertas educativas a su disposici\u00f3n es la ESA, la <a href=\"http:\/\/aulanosa.es\/index.php\/esa\">Educaci\u00f3n Secundaria para Adultos. <\/a><\/p>\n<p style=\"padding-left: 40px;\">\u00a0<\/p>\n<p style=\"padding-left: 40px;\">Todas estas titulaciones, as\u00ed como toda la oferta de actividades extraescolares con la que contamos, se desarrollan \u00edntegramente en nuestro centro.<\/p>\n\n\n<p><\/p>\n\n\n\n<h2 class=\"wp-block-heading\" style=\"text-align:center\">Filosof\u00eda<\/h2>\n\n\n<p style=\"padding-left: 40px; text-align: left;\">Nuestro principio se fundamenta en el derecho de toda persona a la educaci\u00f3n para la consecuci\u00f3n de sus objetivos personales y profesionales. <br \/>A partir de ello, nuestra m\u00e1xima tarea es ofrecer una educaci\u00f3n personalizada (con aulas reducidas en n\u00famero de alumando), \u00edntegra y profesional, a trav\u00e9s de una planificaci\u00f3n meticulosa de los contenidos, la formaci\u00f3n y actualizaci\u00f3n del profesorado y el contacto constante con el mundo real, las tendencias y las nuevas tecnolog\u00edas presentes y del futuro; sin olvidar en ning\u00fan momento el fomento de la igualdad, responsabilidad, motivaci\u00f3n y respeto. <br \/>Toda esta combinaci\u00f3n nos lleva a comprometernos a ofrecer una ense\u00f1anza de calidad en un ambiente de confianza y familiar.<\/p>","protected":false},"excerpt":{"rendered":"<p>\u00bfQUI\u00c9NES SOMOS? Somos un Centro de Educaci\u00f3n Privado &#8211; Concertado situado en Monasterio de Caaveiro 1, en A Coru\u00f1a. Fundado por nuestra actual directora, Margarita Paletta Linares, en el a\u00f1o 1987, comenzamos siendo un centro de clases de apoyo extraescolar para convertirnos hoy en d\u00eda en lo que somos: un centro de ense\u00f1anza referencia en [&hellip;]<\/p>\n","protected":false},"author":1,"featured_media":0,"parent":0,"menu_order":0,"comment_status":"closed","ping_status":"closed","template":"page-templates\/template-builder.php","meta":{"footnotes":""},"yoast_head":"<!-- This site is optimized with the Yoast SEO plugin v21.6 - https:\/\/yoast.com\/wordpress\/plugins\/seo\/ -->\n<title>SOBRE NOSOTROS - CPR Aula Nosa<\/title>\n<meta name=\"robots\" content=\"index, follow, max-snippet:-1, max-image-preview:large, max-video-preview:-1\" \/>\n<link rel=\"canonical\" href=\"https:\/\/aulanosa.es\/index.php\/nosotros\/\" \/>\n<meta property=\"og:locale\" content=\"es_ES\" \/>\n<meta property=\"og:type\" content=\"article\" \/>\n<meta property=\"og:title\" content=\"SOBRE NOSOTROS - CPR Aula Nosa\" \/>\n<meta property=\"og:description\" content=\"\u00bfQUI\u00c9NES SOMOS? Somos un Centro de Educaci\u00f3n Privado &#8211; Concertado situado en Monasterio de Caaveiro 1, en A Coru\u00f1a. Fundado por nuestra actual directora, Margarita Paletta Linares, en el a\u00f1o 1987, comenzamos siendo un centro de clases de apoyo extraescolar para convertirnos hoy en d\u00eda en lo que somos: un centro de ense\u00f1anza referencia en [&hellip;]\" \/>\n<meta property=\"og:url\" content=\"https:\/\/aulanosa.es\/index.php\/nosotros\/\" \/>\n<meta property=\"og:site_name\" content=\"CPR Aula Nosa\" \/>\n<meta property=\"article:modified_time\" content=\"2019-06-23T14:53:02+00:00\" \/>\n<meta property=\"og:image\" content=\"http:\/\/aulanosa.es\/wp-content\/uploads\/2019\/06\/fachada-1024x166.png\" \/>\n<meta name=\"twitter:card\" content=\"summary_large_image\" \/>\n<meta name=\"twitter:label1\" content=\"Tiempo de lectura\" \/>\n\t<meta name=\"twitter:data1\" content=\"2 minutos\" \/>\n<script type=\"application\/ld+json\" class=\"yoast-schema-graph\">{\"@context\":\"https:\/\/schema.org\",\"@graph\":[{\"@type\":\"WebPage\",\"@id\":\"https:\/\/aulanosa.es\/index.php\/nosotros\/\",\"url\":\"https:\/\/aulanosa.es\/index.php\/nosotros\/\",\"name\":\"SOBRE NOSOTROS - CPR Aula Nosa\",\"isPartOf\":{\"@id\":\"https:\/\/aulanosa.es\/#website\"},\"datePublished\":\"2018-04-24T08:31:20+00:00\",\"dateModified\":\"2019-06-23T14:53:02+00:00\",\"breadcrumb\":{\"@id\":\"https:\/\/aulanosa.es\/index.php\/nosotros\/#breadcrumb\"},\"inLanguage\":\"es\",\"potentialAction\":[{\"@type\":\"ReadAction\",\"target\":[\"https:\/\/aulanosa.es\/index.php\/nosotros\/\"]}]},{\"@type\":\"BreadcrumbList\",\"@id\":\"https:\/\/aulanosa.es\/index.php\/nosotros\/#breadcrumb\",\"itemListElement\":[{\"@type\":\"ListItem\",\"position\":1,\"name\":\"Portada\",\"item\":\"https:\/\/aulanosa.es\/\"},{\"@type\":\"ListItem\",\"position\":2,\"name\":\"SOBRE NOSOTROS\"}]},{\"@type\":\"WebSite\",\"@id\":\"https:\/\/aulanosa.es\/#website\",\"url\":\"https:\/\/aulanosa.es\/\",\"name\":\"CPR Aula Nosa\",\"description\":\"Centro de estudios privado - concertado\",\"publisher\":{\"@id\":\"https:\/\/aulanosa.es\/#organization\"},\"potentialAction\":[{\"@type\":\"SearchAction\",\"target\":{\"@type\":\"EntryPoint\",\"urlTemplate\":\"https:\/\/aulanosa.es\/?s={search_term_string}\"},\"query-input\":\"required name=search_term_string\"}],\"inLanguage\":\"es\"},{\"@type\":\"Organization\",\"@id\":\"https:\/\/aulanosa.es\/#organization\",\"name\":\"CPR Aula Nosa\",\"url\":\"https:\/\/aulanosa.es\/\",\"logo\":{\"@type\":\"ImageObject\",\"inLanguage\":\"es\",\"@id\":\"https:\/\/aulanosa.es\/#\/schema\/logo\/image\/\",\"url\":\"https:\/\/aulanosa.es\/wp-content\/uploads\/2023\/12\/cropped-LOGOAN4-1.png\",\"contentUrl\":\"https:\/\/aulanosa.es\/wp-content\/uploads\/2023\/12\/cropped-LOGOAN4-1.png\",\"width\":141,\"height\":90,\"caption\":\"CPR Aula Nosa\"},\"image\":{\"@id\":\"https:\/\/aulanosa.es\/#\/schema\/logo\/image\/\"}}]}<\/script>\n<!-- \/ Yoast SEO plugin. -->","yoast_head_json":{"title":"SOBRE NOSOTROS - CPR Aula Nosa","robots":{"index":"index","follow":"follow","max-snippet":"max-snippet:-1","max-image-preview":"max-image-preview:large","max-video-preview":"max-video-preview:-1"},"canonical":"https:\/\/aulanosa.es\/index.php\/nosotros\/","og_locale":"es_ES","og_type":"article","og_title":"SOBRE NOSOTROS - CPR Aula Nosa","og_description":"\u00bfQUI\u00c9NES SOMOS? Somos un Centro de Educaci\u00f3n Privado &#8211; Concertado situado en Monasterio de Caaveiro 1, en A Coru\u00f1a. Fundado por nuestra actual directora, Margarita Paletta Linares, en el a\u00f1o 1987, comenzamos siendo un centro de clases de apoyo extraescolar para convertirnos hoy en d\u00eda en lo que somos: un centro de ense\u00f1anza referencia en [&hellip;]","og_url":"https:\/\/aulanosa.es\/index.php\/nosotros\/","og_site_name":"CPR Aula Nosa","article_modified_time":"2019-06-23T14:53:02+00:00","og_image":[{"url":"http:\/\/aulanosa.es\/wp-content\/uploads\/2019\/06\/fachada-1024x166.png"}],"twitter_card":"summary_large_image","twitter_misc":{"Tiempo de lectura":"2 minutos"},"schema":{"@context":"https:\/\/schema.org","@graph":[{"@type":"WebPage","@id":"https:\/\/aulanosa.es\/index.php\/nosotros\/","url":"https:\/\/aulanosa.es\/index.php\/nosotros\/","name":"SOBRE NOSOTROS - CPR Aula Nosa","isPartOf":{"@id":"https:\/\/aulanosa.es\/#website"},"datePublished":"2018-04-24T08:31:20+00:00","dateModified":"2019-06-23T14:53:02+00:00","breadcrumb":{"@id":"https:\/\/aulanosa.es\/index.php\/nosotros\/#breadcrumb"},"inLanguage":"es","potentialAction":[{"@type":"ReadAction","target":["https:\/\/aulanosa.es\/index.php\/nosotros\/"]}]},{"@type":"BreadcrumbList","@id":"https:\/\/aulanosa.es\/index.php\/nosotros\/#breadcrumb","itemListElement":[{"@type":"ListItem","position":1,"name":"Portada","item":"https:\/\/aulanosa.es\/"},{"@type":"ListItem","position":2,"name":"SOBRE NOSOTROS"}]},{"@type":"WebSite","@id":"https:\/\/aulanosa.es\/#website","url":"https:\/\/aulanosa.es\/","name":"CPR Aula Nosa","description":"Centro de estudios privado - concertado","publisher":{"@id":"https:\/\/aulanosa.es\/#organization"},"potentialAction":[{"@type":"SearchAction","target":{"@type":"EntryPoint","urlTemplate":"https:\/\/aulanosa.es\/?s={search_term_string}"},"query-input":"required name=search_term_string"}],"inLanguage":"es"},{"@type":"Organization","@id":"https:\/\/aulanosa.es\/#organization","name":"CPR Aula Nosa","url":"https:\/\/aulanosa.es\/","logo":{"@type":"ImageObject","inLanguage":"es","@id":"https:\/\/aulanosa.es\/#\/schema\/logo\/image\/","url":"https:\/\/aulanosa.es\/wp-content\/uploads\/2023\/12\/cropped-LOGOAN4-1.png","contentUrl":"https:\/\/aulanosa.es\/wp-content\/uploads\/2023\/12\/cropped-LOGOAN4-1.png","width":141,"height":90,"caption":"CPR Aula Nosa"},"image":{"@id":"https:\/\/aulanosa.es\/#\/schema\/logo\/image\/"}}]}},"_links":{"self":[{"href":"https:\/\/aulanosa.es\/index.php\/wp-json\/wp\/v2\/pages\/25"}],"collection":[{"href":"https:\/\/aulanosa.es\/index.php\/wp-json\/wp\/v2\/pages"}],"about":[{"href":"https:\/\/aulanosa.es\/index.php\/wp-json\/wp\/v2\/types\/page"}],"author":[{"embeddable":true,"href":"https:\/\/aulanosa.es\/index.php\/wp-json\/wp\/v2\/users\/1"}],"replies":[{"embeddable":true,"href":"https:\/\/aulanosa.es\/index.php\/wp-json\/wp\/v2\/comments?post=25"}],"version-history":[{"count":17,"href":"https:\/\/aulanosa.es\/index.php\/wp-json\/wp\/v2\/pages\/25\/revisions"}],"predecessor-version":[{"id":681,"href":"https:\/\/aulanosa.es\/index.php\/wp-json\/wp\/v2\/pages\/25\/revisions\/681"}],"wp:attachment":[{"href":"https:\/\/aulanosa.es\/index.php\/wp-json\/wp\/v2\/media?parent=25"}],"curies":[{"name":"wp","href":"https:\/\/api.w.org\/{rel}","templated":true}]}}