{"id":116,"date":"2018-04-24T09:29:41","date_gmt":"2018-04-24T07:29:41","guid":{"rendered":"http:\/\/demo.acmethemes.com\/construction-field-pro\/?page_id=116"},"modified":"2023-12-10T22:07:56","modified_gmt":"2023-12-10T21:07:56","slug":"otras","status":"publish","type":"page","link":"https:\/\/aulanosa.es\/index.php\/otras\/","title":{"rendered":"Otras actividades"},"content":{"rendered":"<p><strong><span style=\"color: #0000ff;\">APOYO A LOS ESTUDIOS<\/span><\/strong><\/p>\n<p>Otra de las actividades principales de nuestro centro son las clases personalizadas dirigidas a diferentes niveles de estudio.<\/p>\n<ul>\n<li><strong>Horario<\/strong>: a partir de las 16:00 horas de lunes a viernes.<\/li>\n<li><strong>Niveles<\/strong>: Primaria, E.S.O. y bachillerato<\/li>\n<li><strong>Modalidades<\/strong>: letras y ciencias<\/li>\n<\/ul>\n<p>Estas clases van dirigidas a todo alumnado que quiera reforzar o mejorar sus resultados acad\u00e9micos. En grupos reducidos y organizados por niveles, tenemos disponibles profesores especializados en letras y ciencias. Adem\u00e1s, contamos con una amplia flexibilidad horaria.<\/p>\n<p>Estas clases se complementan con diferentes actividades, como pueden ser t\u00e9cnicas de estudio u orientaci\u00f3n acad\u00e9mica.<\/p>\n<p><strong>ADEM\u00c1S, TAMBI\u00c9N DISPONEMOS DE CLASES DE APOYO EN PROGRAMACI\u00d3N. \u00a1INF\u00d3RMATE SIN COMPROMISO!<br \/>\n<\/strong><\/p>\n<hr \/>\n<hr \/>\n<hr \/>\n<p><strong><span style=\"color: #0000ff;\">FORMACI\u00d3N DESEMPLEADOS<\/span><\/strong><\/p>\n<p>Formaciones concedidos para el curso 2022\/2023:<\/p>\n<p style=\"padding-left: 40px;\">DESEMPLEADOS Y OCUPADOS:<\/p>\n<table>\n<tbody>\n<tr>\n<td>\n<p style=\"padding-left: 40px;\">Especialidade<\/p>\n<\/td>\n<td>IFCT0309<\/td>\n<td>Montaxe e Reparaci\u00f3n de Sistemas Microinform\u00e1ticos<\/td>\n<\/tr>\n<tr>\n<td>\n<p style=\"padding-left: 40px;\">Especialidade<\/p>\n<\/td>\n<td>IFCT0109<\/td>\n<td>Seguridade Inform\u00e1tica<\/td>\n<\/tr>\n<\/tbody>\n<\/table>\n<table style=\"height: 33px;\" width=\"5\">\n<tbody>\n<tr>\n<td><\/td>\n<td><\/td>\n<\/tr>\n<\/tbody>\n<\/table>\n<p><a href=\"http:\/\/emprego.ceei.xunta.gal\/afd\" class=\"broken_link\">http:\/\/emprego.ceei.xunta.gal\/afd<\/a><\/p>\n<hr \/>\n<hr \/>\n<hr \/>\n<p><a href=\"http:\/\/aulanosa.es\/index.php\/contacto\"><span style=\"color: #0000ff;\">Y MUCHO M\u00c1S&#8230; CONS\u00daLTANOS<\/span><\/a><\/p>\n","protected":false},"excerpt":{"rendered":"<p>APOYO A LOS ESTUDIOS Otra de las actividades principales de nuestro centro son las clases personalizadas dirigidas a diferentes niveles de estudio. Horario: a partir de las 16:00 horas de lunes a viernes. Niveles: Primaria, E.S.O. y bachillerato Modalidades: letras y ciencias Estas clases van dirigidas a todo alumnado que quiera reforzar o mejorar sus [&hellip;]<\/p>\n","protected":false},"author":1,"featured_media":0,"parent":0,"menu_order":0,"comment_status":"closed","ping_status":"closed","template":"","meta":{"footnotes":""},"yoast_head":"<!-- This site is optimized with the Yoast SEO plugin v21.6 - https:\/\/yoast.com\/wordpress\/plugins\/seo\/ -->\n<title>Otras actividades - CPR Aula Nosa<\/title>\n<meta name=\"robots\" content=\"index, follow, max-snippet:-1, max-image-preview:large, max-video-preview:-1\" \/>\n<link rel=\"canonical\" href=\"https:\/\/aulanosa.es\/index.php\/otras\/\" \/>\n<meta property=\"og:locale\" content=\"es_ES\" \/>\n<meta property=\"og:type\" content=\"article\" \/>\n<meta property=\"og:title\" content=\"Otras actividades - CPR Aula Nosa\" \/>\n<meta property=\"og:description\" content=\"APOYO A LOS ESTUDIOS Otra de las actividades principales de nuestro centro son las clases personalizadas dirigidas a diferentes niveles de estudio. Horario: a partir de las 16:00 horas de lunes a viernes. Niveles: Primaria, E.S.O. y bachillerato Modalidades: letras y ciencias Estas clases van dirigidas a todo alumnado que quiera reforzar o mejorar sus [&hellip;]\" \/>\n<meta property=\"og:url\" content=\"https:\/\/aulanosa.es\/index.php\/otras\/\" \/>\n<meta property=\"og:site_name\" content=\"CPR Aula Nosa\" \/>\n<meta property=\"article:modified_time\" content=\"2023-12-10T21:07:56+00:00\" \/>\n<meta name=\"twitter:card\" content=\"summary_large_image\" \/>\n<meta name=\"twitter:label1\" content=\"Tiempo de lectura\" \/>\n\t<meta name=\"twitter:data1\" content=\"1 minuto\" \/>\n<script type=\"application\/ld+json\" class=\"yoast-schema-graph\">{\"@context\":\"https:\/\/schema.org\",\"@graph\":[{\"@type\":\"WebPage\",\"@id\":\"https:\/\/aulanosa.es\/index.php\/otras\/\",\"url\":\"https:\/\/aulanosa.es\/index.php\/otras\/\",\"name\":\"Otras actividades - CPR Aula Nosa\",\"isPartOf\":{\"@id\":\"https:\/\/aulanosa.es\/#website\"},\"datePublished\":\"2018-04-24T07:29:41+00:00\",\"dateModified\":\"2023-12-10T21:07:56+00:00\",\"breadcrumb\":{\"@id\":\"https:\/\/aulanosa.es\/index.php\/otras\/#breadcrumb\"},\"inLanguage\":\"es\",\"potentialAction\":[{\"@type\":\"ReadAction\",\"target\":[\"https:\/\/aulanosa.es\/index.php\/otras\/\"]}]},{\"@type\":\"BreadcrumbList\",\"@id\":\"https:\/\/aulanosa.es\/index.php\/otras\/#breadcrumb\",\"itemListElement\":[{\"@type\":\"ListItem\",\"position\":1,\"name\":\"Portada\",\"item\":\"https:\/\/aulanosa.es\/\"},{\"@type\":\"ListItem\",\"position\":2,\"name\":\"Otras actividades\"}]},{\"@type\":\"WebSite\",\"@id\":\"https:\/\/aulanosa.es\/#website\",\"url\":\"https:\/\/aulanosa.es\/\",\"name\":\"CPR Aula Nosa\",\"description\":\"Centro de estudios privado - concertado\",\"publisher\":{\"@id\":\"https:\/\/aulanosa.es\/#organization\"},\"potentialAction\":[{\"@type\":\"SearchAction\",\"target\":{\"@type\":\"EntryPoint\",\"urlTemplate\":\"https:\/\/aulanosa.es\/?s={search_term_string}\"},\"query-input\":\"required name=search_term_string\"}],\"inLanguage\":\"es\"},{\"@type\":\"Organization\",\"@id\":\"https:\/\/aulanosa.es\/#organization\",\"name\":\"CPR Aula Nosa\",\"url\":\"https:\/\/aulanosa.es\/\",\"logo\":{\"@type\":\"ImageObject\",\"inLanguage\":\"es\",\"@id\":\"https:\/\/aulanosa.es\/#\/schema\/logo\/image\/\",\"url\":\"https:\/\/aulanosa.es\/wp-content\/uploads\/2023\/12\/cropped-LOGOAN4-1.png\",\"contentUrl\":\"https:\/\/aulanosa.es\/wp-content\/uploads\/2023\/12\/cropped-LOGOAN4-1.png\",\"width\":141,\"height\":90,\"caption\":\"CPR Aula Nosa\"},\"image\":{\"@id\":\"https:\/\/aulanosa.es\/#\/schema\/logo\/image\/\"}}]}<\/script>\n<!-- \/ Yoast SEO plugin. -->","yoast_head_json":{"title":"Otras actividades - CPR Aula Nosa","robots":{"index":"index","follow":"follow","max-snippet":"max-snippet:-1","max-image-preview":"max-image-preview:large","max-video-preview":"max-video-preview:-1"},"canonical":"https:\/\/aulanosa.es\/index.php\/otras\/","og_locale":"es_ES","og_type":"article","og_title":"Otras actividades - CPR Aula Nosa","og_description":"APOYO A LOS ESTUDIOS Otra de las actividades principales de nuestro centro son las clases personalizadas dirigidas a diferentes niveles de estudio. Horario: a partir de las 16:00 horas de lunes a viernes. Niveles: Primaria, E.S.O. y bachillerato Modalidades: letras y ciencias Estas clases van dirigidas a todo alumnado que quiera reforzar o mejorar sus [&hellip;]","og_url":"https:\/\/aulanosa.es\/index.php\/otras\/","og_site_name":"CPR Aula Nosa","article_modified_time":"2023-12-10T21:07:56+00:00","twitter_card":"summary_large_image","twitter_misc":{"Tiempo de lectura":"1 minuto"},"schema":{"@context":"https:\/\/schema.org","@graph":[{"@type":"WebPage","@id":"https:\/\/aulanosa.es\/index.php\/otras\/","url":"https:\/\/aulanosa.es\/index.php\/otras\/","name":"Otras actividades - CPR Aula Nosa","isPartOf":{"@id":"https:\/\/aulanosa.es\/#website"},"datePublished":"2018-04-24T07:29:41+00:00","dateModified":"2023-12-10T21:07:56+00:00","breadcrumb":{"@id":"https:\/\/aulanosa.es\/index.php\/otras\/#breadcrumb"},"inLanguage":"es","potentialAction":[{"@type":"ReadAction","target":["https:\/\/aulanosa.es\/index.php\/otras\/"]}]},{"@type":"BreadcrumbList","@id":"https:\/\/aulanosa.es\/index.php\/otras\/#breadcrumb","itemListElement":[{"@type":"ListItem","position":1,"name":"Portada","item":"https:\/\/aulanosa.es\/"},{"@type":"ListItem","position":2,"name":"Otras actividades"}]},{"@type":"WebSite","@id":"https:\/\/aulanosa.es\/#website","url":"https:\/\/aulanosa.es\/","name":"CPR Aula Nosa","description":"Centro de estudios privado - concertado","publisher":{"@id":"https:\/\/aulanosa.es\/#organization"},"potentialAction":[{"@type":"SearchAction","target":{"@type":"EntryPoint","urlTemplate":"https:\/\/aulanosa.es\/?s={search_term_string}"},"query-input":"required name=search_term_string"}],"inLanguage":"es"},{"@type":"Organization","@id":"https:\/\/aulanosa.es\/#organization","name":"CPR Aula Nosa","url":"https:\/\/aulanosa.es\/","logo":{"@type":"ImageObject","inLanguage":"es","@id":"https:\/\/aulanosa.es\/#\/schema\/logo\/image\/","url":"https:\/\/aulanosa.es\/wp-content\/uploads\/2023\/12\/cropped-LOGOAN4-1.png","contentUrl":"https:\/\/aulanosa.es\/wp-content\/uploads\/2023\/12\/cropped-LOGOAN4-1.png","width":141,"height":90,"caption":"CPR Aula Nosa"},"image":{"@id":"https:\/\/aulanosa.es\/#\/schema\/logo\/image\/"}}]}},"_links":{"self":[{"href":"https:\/\/aulanosa.es\/index.php\/wp-json\/wp\/v2\/pages\/116"}],"collection":[{"href":"https:\/\/aulanosa.es\/index.php\/wp-json\/wp\/v2\/pages"}],"about":[{"href":"https:\/\/aulanosa.es\/index.php\/wp-json\/wp\/v2\/types\/page"}],"author":[{"embeddable":true,"href":"https:\/\/aulanosa.es\/index.php\/wp-json\/wp\/v2\/users\/1"}],"replies":[{"embeddable":true,"href":"https:\/\/aulanosa.es\/index.php\/wp-json\/wp\/v2\/comments?post=116"}],"version-history":[{"count":11,"href":"https:\/\/aulanosa.es\/index.php\/wp-json\/wp\/v2\/pages\/116\/revisions"}],"predecessor-version":[{"id":1016,"href":"https:\/\/aulanosa.es\/index.php\/wp-json\/wp\/v2\/pages\/116\/revisions\/1016"}],"wp:attachment":[{"href":"https:\/\/aulanosa.es\/index.php\/wp-json\/wp\/v2\/media?parent=116"}],"curies":[{"name":"wp","href":"https:\/\/api.w.org\/{rel}","templated":true}]}}